{"id":13,"date":"2020-10-03T14:51:34","date_gmt":"2020-10-03T14:51:34","guid":{"rendered":"http:\/\/demo.athemes.com\/sp-plumber\/?page_id=13"},"modified":"2024-05-14T23:01:58","modified_gmt":"2024-05-14T23:01:58","slug":"bodrum-beyaz-esya-servisi-0252-502-00-48","status":"publish","type":"page","link":"https:\/\/bodrumgarantiteknik.com.tr\/index.php\/bodrum-beyaz-esya-servisi-0252-502-00-48\/","title":{"rendered":"Bodrum Beyaz E\u015fya Servisi 0252 502 00 48"},"content":{"rendered":"\t\t<div data-elementor-type=\"wp-page\" data-elementor-id=\"13\" class=\"elementor elementor-13\">\n\t\t\t\t\t\t<section class=\"elementor-section elementor-top-section elementor-element elementor-element-41434fe elementor-section-boxed elementor-section-height-default elementor-section-height-default\" data-id=\"41434fe\" data-element_type=\"section\" data-e-type=\"section\" data-settings=\"{&quot;background_background&quot;:&quot;classic&quot;}\">\n\t\t\t\t\t\t\t<div class=\"elementor-background-overlay\"><\/div>\n\t\t\t\t\t\t\t<div class=\"elementor-container elementor-column-gap-default\">\n\t\t\t\t\t<div class=\"elementor-column elementor-col-100 elementor-top-column elementor-element elementor-element-9511881\" data-id=\"9511881\" data-element_type=\"column\" data-e-type=\"column\">\n\t\t\t<div class=\"elementor-widget-wrap elementor-element-populated\">\n\t\t\t\t\t\t<div class=\"elementor-element elementor-element-192e559 elementor-widget elementor-widget-heading\" data-id=\"192e559\" data-element_type=\"widget\" data-e-type=\"widget\" data-widget_type=\"heading.default\">\n\t\t\t\t<div class=\"elementor-widget-container\">\n\t\t\t\t\t<h2 class=\"elementor-heading-title elementor-size-default\">Beyaz E\u015fya Servisi<\/h2>\t\t\t\t<\/div>\n\t\t\t\t<\/div>\n\t\t\t\t<div class=\"elementor-element elementor-element-b1be6b9 elementor-widget elementor-widget-text-editor\" data-id=\"b1be6b9\" data-element_type=\"widget\" data-e-type=\"widget\" data-widget_type=\"text-editor.default\">\n\t\t\t\t<div class=\"elementor-widget-container\">\n\t\t\t\t\t\t\t\t\t<p><span style=\"color: #ffffff;\"><a style=\"color: #ffffff;\" href=\"https:\/\/bodrumgarantiteknik.com.tr\/\">Home<\/a><\/span>\u00a0 \u00a0 |\u00a0 \u00a0 <a href=\"https:\/\/bodrumgarantiteknik.com.tr\/index.php\/beyaz-esya-servisi\/\">Beyaz E\u015fya Servisi<\/a><\/p>\t\t\t\t\t\t\t\t<\/div>\n\t\t\t\t<\/div>\n\t\t\t\t\t<\/div>\n\t\t<\/div>\n\t\t\t\t\t<\/div>\n\t\t<\/section>\n\t\t<div class=\"elementor-element elementor-element-2016da5 e-flex e-con-boxed e-con e-parent\" data-id=\"2016da5\" data-element_type=\"container\" data-e-type=\"container\">\n\t\t\t\t\t<div class=\"e-con-inner\">\n\t\t\t\t<div class=\"elementor-element elementor-element-2ea0aba elementor-widget elementor-widget-spacer\" data-id=\"2ea0aba\" data-element_type=\"widget\" data-e-type=\"widget\" data-widget_type=\"spacer.default\">\n\t\t\t\t<div class=\"elementor-widget-container\">\n\t\t\t\t\t\t\t<div class=\"elementor-spacer\">\n\t\t\t<div class=\"elementor-spacer-inner\"><\/div>\n\t\t<\/div>\n\t\t\t\t\t\t<\/div>\n\t\t\t\t<\/div>\n\t\t\t\t\t<\/div>\n\t\t\t\t<\/div>\n\t\t<div class=\"elementor-element elementor-element-265cd23 e-flex e-con-boxed e-con e-parent\" data-id=\"265cd23\" data-element_type=\"container\" data-e-type=\"container\">\n\t\t\t\t\t<div class=\"e-con-inner\">\n\t\t<div class=\"elementor-element elementor-element-06e4f1f e-con-full e-flex e-con e-child\" data-id=\"06e4f1f\" data-element_type=\"container\" data-e-type=\"container\">\n\t\t\t\t<div class=\"elementor-element elementor-element-c4f0e8f elementor-widget elementor-widget-image\" data-id=\"c4f0e8f\" data-element_type=\"widget\" data-e-type=\"widget\" data-widget_type=\"image.default\">\n\t\t\t\t<div class=\"elementor-widget-container\">\n\t\t\t\t\t\t\t\t\t\t\t\t\t\t\t<img fetchpriority=\"high\" decoding=\"async\" width=\"1024\" height=\"578\" src=\"https:\/\/bodrumgarantiteknik.com.tr\/wp-content\/uploads\/2024\/05\/bodrum-beyaz-esya-servisi-1024x578.jpg\" class=\"attachment-large size-large wp-image-594\" alt=\"bodrum-beyaz-esya-servisi\" srcset=\"https:\/\/bodrumgarantiteknik.com.tr\/wp-content\/uploads\/2024\/05\/bodrum-beyaz-esya-servisi-1024x578.jpg 1024w, https:\/\/bodrumgarantiteknik.com.tr\/wp-content\/uploads\/2024\/05\/bodrum-beyaz-esya-servisi-300x169.jpg 300w, https:\/\/bodrumgarantiteknik.com.tr\/wp-content\/uploads\/2024\/05\/bodrum-beyaz-esya-servisi-768x433.jpg 768w, https:\/\/bodrumgarantiteknik.com.tr\/wp-content\/uploads\/2024\/05\/bodrum-beyaz-esya-servisi-1000x564.jpg 1000w, https:\/\/bodrumgarantiteknik.com.tr\/wp-content\/uploads\/2024\/05\/bodrum-beyaz-esya-servisi-230x130.jpg 230w, https:\/\/bodrumgarantiteknik.com.tr\/wp-content\/uploads\/2024\/05\/bodrum-beyaz-esya-servisi-350x198.jpg 350w, https:\/\/bodrumgarantiteknik.com.tr\/wp-content\/uploads\/2024\/05\/bodrum-beyaz-esya-servisi-480x271.jpg 480w, https:\/\/bodrumgarantiteknik.com.tr\/wp-content\/uploads\/2024\/05\/bodrum-beyaz-esya-servisi.jpg 1063w\" sizes=\"(max-width: 1024px) 100vw, 1024px\" \/>\t\t\t\t\t\t\t\t\t\t\t\t\t\t\t<\/div>\n\t\t\t\t<\/div>\n\t\t\t\t<\/div>\n\t\t<div class=\"elementor-element elementor-element-cba4b1d e-con-full e-flex e-con e-child\" data-id=\"cba4b1d\" data-element_type=\"container\" data-e-type=\"container\">\n\t\t\t\t<div class=\"elementor-element elementor-element-ff60cca elementor-widget elementor-widget-heading\" data-id=\"ff60cca\" data-element_type=\"widget\" data-e-type=\"widget\" data-widget_type=\"heading.default\">\n\t\t\t\t<div class=\"elementor-widget-container\">\n\t\t\t\t\t<h2 class=\"elementor-heading-title elementor-size-default\">Bodrum Garanti Teknik<br \/>Beyaz E\u015fya Servisi\n\n<\/h2>\t\t\t\t<\/div>\n\t\t\t\t<\/div>\n\t\t\t\t<div class=\"elementor-element elementor-element-11afc68 elementor-widget elementor-widget-text-editor\" data-id=\"11afc68\" data-element_type=\"widget\" data-e-type=\"widget\" data-widget_type=\"text-editor.default\">\n\t\t\t\t<div class=\"elementor-widget-container\">\n\t\t\t\t\t\t\t\t\t<p><strong>Bodrum Garanti Teknik, beyaz e\u015fya sekt\u00f6r\u00fcnde uzun y\u0131llara dayanan deneyimi ve uzman kadrosuyla m\u00fc\u015fterilerine kusursuz <a href=\"http:\/\/google.com.tr\">hizmet<\/a> sunan g\u00fcvenilir bir markad\u0131r. Beyaz e\u015fya \u00fcr\u00fcnleri, modern ya\u015fam\u0131n vazge\u00e7ilmez unsurlar\u0131ndan biri haline gelmi\u015ftir ve bu \u00fcr\u00fcnlerin d\u00fczenli bak\u0131m\u0131 ve zaman\u0131nda onar\u0131m\u0131, g\u00fcnl\u00fck ya\u015fam\u0131n sorunsuz bir \u015fekilde devam etmesi i\u00e7in \u00f6nemlidir. Bodrum Garanti Teknik, bu ihtiyaca cevap vererek beyaz e\u015fya servisi alan\u0131nda m\u00fc\u015fterilerine \u00e7e\u015fitli hizmetler sunmaktad\u0131r.<\/strong><\/p>\t\t\t\t\t\t\t\t<\/div>\n\t\t\t\t<\/div>\n\t\t\t\t<\/div>\n\t\t\t\t\t<\/div>\n\t\t\t\t<\/div>\n\t\t<div class=\"elementor-element elementor-element-c9913ec e-flex e-con-boxed e-con e-parent\" data-id=\"c9913ec\" data-element_type=\"container\" data-e-type=\"container\">\n\t\t\t\t\t<div class=\"e-con-inner\">\n\t\t\t\t<div class=\"elementor-element elementor-element-f050f77 elementor-widget-divider--view-line elementor-widget elementor-widget-divider\" data-id=\"f050f77\" data-element_type=\"widget\" data-e-type=\"widget\" data-widget_type=\"divider.default\">\n\t\t\t\t<div class=\"elementor-widget-container\">\n\t\t\t\t\t\t\t<div class=\"elementor-divider\">\n\t\t\t<span class=\"elementor-divider-separator\">\n\t\t\t\t\t\t<\/span>\n\t\t<\/div>\n\t\t\t\t\t\t<\/div>\n\t\t\t\t<\/div>\n\t\t\t\t\t<\/div>\n\t\t\t\t<\/div>\n\t\t<div class=\"elementor-element elementor-element-7b0b7b5 e-flex e-con-boxed e-con e-parent\" data-id=\"7b0b7b5\" data-element_type=\"container\" data-e-type=\"container\">\n\t\t\t\t\t<div class=\"e-con-inner\">\n\t\t\t\t<div class=\"elementor-element elementor-element-7e27d23 elementor-widget elementor-widget-heading\" data-id=\"7e27d23\" data-element_type=\"widget\" data-e-type=\"widget\" data-widget_type=\"heading.default\">\n\t\t\t\t<div class=\"elementor-widget-container\">\n\t\t\t\t\t<h2 class=\"elementor-heading-title elementor-size-default\">Hizmetlerimiz<\/h2>\t\t\t\t<\/div>\n\t\t\t\t<\/div>\n\t\t\t\t<div class=\"elementor-element elementor-element-9bdce33 elementor-widget elementor-widget-text-editor\" data-id=\"9bdce33\" data-element_type=\"widget\" data-e-type=\"widget\" data-widget_type=\"text-editor.default\">\n\t\t\t\t<div class=\"elementor-widget-container\">\n\t\t\t\t\t\t\t\t\t<ol><li><p><strong>Beyaz E\u015fya Tamiri ve Onar\u0131m\u0131: Ar\u0131zal\u0131 bir buzdolab\u0131, \u00e7ama\u015f\u0131r makinesi veya bula\u015f\u0131k makinesi gibi beyaz e\u015fya \u00fcr\u00fcnleriniz varsa, profesyonel teknisyenlerimiz ar\u0131zan\u0131n nedenini h\u0131zl\u0131 bir \u015fekilde tespit eder ve gerekli onar\u0131mlar\u0131 yapar. Bodrum Garanti Teknik olarak, her marka ve modeldeki beyaz e\u015fya \u00fcr\u00fcnlerinin tamiri konusunda uzman\u0131z.<\/strong><\/p><\/li><li><p><strong>Beyaz E\u015fya Bak\u0131m\u0131: Beyaz e\u015fya \u00fcr\u00fcnlerinin d\u00fczenli bak\u0131m\u0131, performanslar\u0131n\u0131 artt\u0131r\u0131r ve \u00f6m\u00fcrlerini uzat\u0131r. Bodrum Garanti Teknik, buzdolab\u0131, \u00e7ama\u015f\u0131r makinesi, bula\u015f\u0131k makinesi, f\u0131r\u0131n gibi beyaz e\u015fya \u00fcr\u00fcnlerinizin d\u00fczenli bak\u0131m\u0131n\u0131 yaparak, olas\u0131 ar\u0131zalar\u0131n \u00f6n\u00fcne ge\u00e7er ve uzun \u00f6m\u00fcrl\u00fc kullan\u0131m sa\u011flar.<\/strong><\/p><\/li><li><p><strong>Yedek Par\u00e7a Temini: Ar\u0131zal\u0131 bir par\u00e7an\u0131n de\u011fi\u015ftirilmesi gerekti\u011finde, orijinal yedek par\u00e7a temini olduk\u00e7a \u00f6nemlidir. Bodrum Garanti Teknik, orijinal yedek par\u00e7a kullanarak, beyaz e\u015fya \u00fcr\u00fcnlerinizin tamirinde en y\u00fcksek kaliteyi garanti eder.<\/strong><\/p><\/li><li><p><strong>Beyaz E\u015fya Sat\u0131\u015f\u0131: \u0130htiya\u00e7lar\u0131n\u0131za uygun yeni bir beyaz e\u015fya sat\u0131n almak istiyorsan\u0131z, geni\u015f \u00fcr\u00fcn yelpazemiz aras\u0131ndan se\u00e7im yapabilirsiniz. En g\u00fcvenilir markalar\u0131n en son modellerini en uygun fiyatlarla sizlere sunuyoruz.<\/strong><\/p><\/li><\/ol>\t\t\t\t\t\t\t\t<\/div>\n\t\t\t\t<\/div>\n\t\t\t\t\t<\/div>\n\t\t\t\t<\/div>\n\t\t<div class=\"elementor-element elementor-element-ab31332 e-flex e-con-boxed e-con e-parent\" data-id=\"ab31332\" data-element_type=\"container\" data-e-type=\"container\">\n\t\t\t\t\t<div class=\"e-con-inner\">\n\t\t\t\t<div class=\"elementor-element elementor-element-eb082a3 elementor-widget elementor-widget-heading\" data-id=\"eb082a3\" data-element_type=\"widget\" data-e-type=\"widget\" data-widget_type=\"heading.default\">\n\t\t\t\t<div class=\"elementor-widget-container\">\n\t\t\t\t\t<h2 class=\"elementor-heading-title elementor-size-default\">Neden Bodrum Garanti Teknik?\n\n<\/h2>\t\t\t\t<\/div>\n\t\t\t\t<\/div>\n\t\t\t\t<div class=\"elementor-element elementor-element-be2a997 elementor-widget elementor-widget-text-editor\" data-id=\"be2a997\" data-element_type=\"widget\" data-e-type=\"widget\" data-widget_type=\"text-editor.default\">\n\t\t\t\t<div class=\"elementor-widget-container\">\n\t\t\t\t\t\t\t\t\t<ol><li><p><strong>Profesyonellik: Uzman teknisyenlerimiz, y\u0131llar\u0131n verdi\u011fi deneyim ve bilgiyle en karma\u015f\u0131k beyaz e\u015fya ar\u0131zalar\u0131n\u0131 bile \u00e7\u00f6zebilirler.<\/strong><\/p><\/li><li><p><strong>G\u00fcvenilirlik: M\u00fc\u015fteri memnuniyeti ve g\u00fcvenilir hizmet anlay\u0131\u015f\u0131, Bodrum Garanti Teknik&#8217;in \u00f6nceliklerindendir. Her zaman m\u00fc\u015fterilerimizin memnuniyetini en \u00fcst d\u00fczeyde tutmay\u0131 hedefleriz.<\/strong><\/p><\/li><li><p><strong>H\u0131zl\u0131 Hizmet: Acil durumlarda h\u0131zl\u0131 m\u00fcdahale ve \u00e7\u00f6z\u00fcm odakl\u0131 yakla\u015f\u0131m\u0131m\u0131zla, m\u00fc\u015fterilerimizin g\u00fcnl\u00fck ya\u015famlar\u0131n\u0131 aksatmadan sorunlar\u0131n\u0131 \u00e7\u00f6zmek i\u00e7in buraday\u0131z.<\/strong><\/p><\/li><\/ol><p><strong>Bodrum Garanti Teknik olarak, beyaz e\u015fya servisi alan\u0131nda ihtiya\u00e7lar\u0131n\u0131za profesyonel ve g\u00fcvenilir \u00e7\u00f6z\u00fcmler sunmak i\u00e7in buraday\u0131z. Sorunlar\u0131n\u0131z\u0131 \u00e7\u00f6zmek ve beyaz e\u015fyalar\u0131n\u0131z\u0131n performans\u0131n\u0131 art\u0131rmak i\u00e7in bizimle ileti\u015fime ge\u00e7mekten \u00e7ekinmeyin.<\/strong><\/p>\t\t\t\t\t\t\t\t<\/div>\n\t\t\t\t<\/div>\n\t\t\t\t\t<\/div>\n\t\t\t\t<\/div>\n\t\t\t\t<section class=\"elementor-section elementor-top-section elementor-element elementor-element-9a1115a elementor-section-boxed elementor-section-height-default elementor-section-height-default\" data-id=\"9a1115a\" data-element_type=\"section\" data-e-type=\"section\" data-settings=\"{&quot;background_background&quot;:&quot;classic&quot;}\">\n\t\t\t\t\t\t<div class=\"elementor-container elementor-column-gap-wide\">\n\t\t\t\t\t<div class=\"elementor-column elementor-col-50 elementor-top-column elementor-element elementor-element-28d56dd\" data-id=\"28d56dd\" data-element_type=\"column\" data-e-type=\"column\">\n\t\t\t<div class=\"elementor-widget-wrap elementor-element-populated\">\n\t\t\t\t\t\t<div class=\"elementor-element elementor-element-b3c2313 elementor-widget elementor-widget-heading\" data-id=\"b3c2313\" data-element_type=\"widget\" data-e-type=\"widget\" data-widget_type=\"heading.default\">\n\t\t\t\t<div class=\"elementor-widget-container\">\n\t\t\t\t\t<h2 class=\"elementor-heading-title elementor-size-default\">Kurumsal<\/h2>\t\t\t\t<\/div>\n\t\t\t\t<\/div>\n\t\t\t\t<div class=\"elementor-element elementor-element-81eee83 elementor-widget elementor-widget-text-editor\" data-id=\"81eee83\" data-element_type=\"widget\" data-e-type=\"widget\" data-widget_type=\"text-editor.default\">\n\t\t\t\t<div class=\"elementor-widget-container\">\n\t\t\t\t\t\t\t\t\t<p><a href=\"https:\/\/bodrumgarantiteknik.com.tr\/index.php\/hakkimizda\/\">Hakk\u0131mzda<\/a><br \/><a href=\"tel:02525020048\">\u0130leti\u015fim<\/a><br \/><a href=\"https:\/\/bodrumgarantiteknik.com.tr\/index.php\/iletisim\/\">Adres<\/a><\/p>\t\t\t\t\t\t\t\t<\/div>\n\t\t\t\t<\/div>\n\t\t\t\t\t<\/div>\n\t\t<\/div>\n\t\t\t\t<div class=\"elementor-column elementor-col-50 elementor-top-column elementor-element elementor-element-f88b0f9\" data-id=\"f88b0f9\" data-element_type=\"column\" data-e-type=\"column\">\n\t\t\t<div class=\"elementor-widget-wrap elementor-element-populated\">\n\t\t\t\t\t\t<div class=\"elementor-element elementor-element-f7ce071 elementor-widget elementor-widget-heading\" data-id=\"f7ce071\" data-element_type=\"widget\" data-e-type=\"widget\" data-widget_type=\"heading.default\">\n\t\t\t\t<div class=\"elementor-widget-container\">\n\t\t\t\t\t<h2 class=\"elementor-heading-title elementor-size-default\">Hizmetlerimiz<\/h2>\t\t\t\t<\/div>\n\t\t\t\t<\/div>\n\t\t\t\t<div class=\"elementor-element elementor-element-d57499b elementor-widget elementor-widget-text-editor\" data-id=\"d57499b\" data-element_type=\"widget\" data-e-type=\"widget\" data-widget_type=\"text-editor.default\">\n\t\t\t\t<div class=\"elementor-widget-container\">\n\t\t\t\t\t\t\t\t\t<p><a href=\"https:\/\/bodrumgarantiteknik.com.tr\/index.php\/beyaz-esya-servisi\/\">Beyaz e\u015fya Servisi<\/a><br \/><a href=\"https:\/\/bodrumgarantiteknik.com.tr\/index.php\/klima-servisi\/\">Klima Servisi<\/a><br \/>End\u00fcstriyel Is\u0131tma ve So\u011futma\u00a0<br \/>2. El ve S\u0131f\u0131r Klima ve Beyaz E\u015fyalar<\/p>\t\t\t\t\t\t\t\t<\/div>\n\t\t\t\t<\/div>\n\t\t\t\t\t<\/div>\n\t\t<\/div>\n\t\t\t\t\t<\/div>\n\t\t<\/section>\n\t\t\t\t<\/div>\n\t\t","protected":false},"excerpt":{"rendered":"<p>Beyaz E\u015fya Servisi Home\u00a0 \u00a0 |\u00a0 \u00a0 Beyaz E\u015fya Servisi Bodrum Garanti TeknikBeyaz E\u015fya Servisi Bodrum Garanti Teknik, beyaz e\u015fya sekt\u00f6r\u00fcnde uzun y\u0131llara dayanan deneyimi [&hellip;]<\/p>\n","protected":false},"author":1,"featured_media":0,"parent":0,"menu_order":0,"comment_status":"closed","ping_status":"closed","template":"page-templates\/page_front-page.php","meta":{"footnotes":""},"class_list":["post-13","page","type-page","status-publish","hentry"],"yoast_head":"<!-- This site is optimized with the Yoast SEO plugin v27.4 - https:\/\/yoast.com\/product\/yoast-seo-wordpress\/ -->\n<title>Bodrum Beyaz E\u015fya Servisi 0252 502 00 48 - Bodrum Garanti Teknik 0252 502 00 48<\/title>\n<meta name=\"description\" content=\"Beyaz E\u015fya Servisi Bodrum Garanti Teknik 0252 502 00 48 T\u00fcm marka model beyaz e\u015fya Bak\u0131m ve Onar\u0131m\u0131 2. El Spot Beyaz E\u015fya Sat\u0131\u015f\u0131\" \/>\n<meta name=\"robots\" content=\"index, follow, max-snippet:-1, max-image-preview:large, max-video-preview:-1\" \/>\n<link rel=\"canonical\" href=\"https:\/\/bodrumgarantiteknik.com.tr\/index.php\/bodrum-beyaz-esya-servisi-0252-502-00-48\/\" \/>\n<meta property=\"og:locale\" content=\"tr_TR\" \/>\n<meta property=\"og:type\" content=\"article\" \/>\n<meta property=\"og:title\" content=\"Bodrum Beyaz E\u015fya Servisi 0252 502 00 48 - Bodrum Garanti Teknik 0252 502 00 48\" \/>\n<meta property=\"og:description\" content=\"Beyaz E\u015fya Servisi Bodrum Garanti Teknik 0252 502 00 48 T\u00fcm marka model beyaz e\u015fya Bak\u0131m ve Onar\u0131m\u0131 2. El Spot Beyaz E\u015fya Sat\u0131\u015f\u0131\" \/>\n<meta property=\"og:url\" content=\"https:\/\/bodrumgarantiteknik.com.tr\/index.php\/bodrum-beyaz-esya-servisi-0252-502-00-48\/\" \/>\n<meta property=\"og:site_name\" content=\"Bodrum Garanti Teknik 0252 502 00 48\" \/>\n<meta property=\"article:modified_time\" content=\"2024-05-14T23:01:58+00:00\" \/>\n<meta property=\"og:image\" content=\"https:\/\/bodrumgarantiteknik.com.tr\/wp-content\/uploads\/2024\/05\/bodrum-beyaz-esya-servisi-1024x578.jpg\" \/>\n<meta name=\"twitter:card\" content=\"summary_large_image\" \/>\n<meta name=\"twitter:label1\" content=\"Tahmini okuma s\u00fcresi\" \/>\n\t<meta name=\"twitter:data1\" content=\"3 dakika\" \/>\n<script type=\"application\/ld+json\" class=\"yoast-schema-graph\">{\"@context\":\"https:\\\/\\\/schema.org\",\"@graph\":[{\"@type\":\"WebPage\",\"@id\":\"https:\\\/\\\/bodrumgarantiteknik.com.tr\\\/index.php\\\/bodrum-beyaz-esya-servisi-0252-502-00-48\\\/\",\"url\":\"https:\\\/\\\/bodrumgarantiteknik.com.tr\\\/index.php\\\/bodrum-beyaz-esya-servisi-0252-502-00-48\\\/\",\"name\":\"Bodrum Beyaz E\u015fya Servisi 0252 502 00 48 - Bodrum Garanti Teknik 0252 502 00 48\",\"isPartOf\":{\"@id\":\"https:\\\/\\\/bodrumgarantiteknik.com.tr\\\/#website\"},\"primaryImageOfPage\":{\"@id\":\"https:\\\/\\\/bodrumgarantiteknik.com.tr\\\/index.php\\\/bodrum-beyaz-esya-servisi-0252-502-00-48\\\/#primaryimage\"},\"image\":{\"@id\":\"https:\\\/\\\/bodrumgarantiteknik.com.tr\\\/index.php\\\/bodrum-beyaz-esya-servisi-0252-502-00-48\\\/#primaryimage\"},\"thumbnailUrl\":\"https:\\\/\\\/bodrumgarantiteknik.com.tr\\\/wp-content\\\/uploads\\\/2024\\\/05\\\/bodrum-beyaz-esya-servisi-1024x578.jpg\",\"datePublished\":\"2020-10-03T14:51:34+00:00\",\"dateModified\":\"2024-05-14T23:01:58+00:00\",\"description\":\"Beyaz E\u015fya Servisi Bodrum Garanti Teknik 0252 502 00 48 T\u00fcm marka model beyaz e\u015fya Bak\u0131m ve Onar\u0131m\u0131 2. El Spot Beyaz E\u015fya Sat\u0131\u015f\u0131\",\"breadcrumb\":{\"@id\":\"https:\\\/\\\/bodrumgarantiteknik.com.tr\\\/index.php\\\/bodrum-beyaz-esya-servisi-0252-502-00-48\\\/#breadcrumb\"},\"inLanguage\":\"tr\",\"potentialAction\":[{\"@type\":\"ReadAction\",\"target\":[\"https:\\\/\\\/bodrumgarantiteknik.com.tr\\\/index.php\\\/bodrum-beyaz-esya-servisi-0252-502-00-48\\\/\"]}]},{\"@type\":\"ImageObject\",\"inLanguage\":\"tr\",\"@id\":\"https:\\\/\\\/bodrumgarantiteknik.com.tr\\\/index.php\\\/bodrum-beyaz-esya-servisi-0252-502-00-48\\\/#primaryimage\",\"url\":\"https:\\\/\\\/bodrumgarantiteknik.com.tr\\\/wp-content\\\/uploads\\\/2024\\\/05\\\/bodrum-beyaz-esya-servisi.jpg\",\"contentUrl\":\"https:\\\/\\\/bodrumgarantiteknik.com.tr\\\/wp-content\\\/uploads\\\/2024\\\/05\\\/bodrum-beyaz-esya-servisi.jpg\",\"width\":1063,\"height\":600,\"caption\":\"bodrum-beyaz-esya-servisi\"},{\"@type\":\"BreadcrumbList\",\"@id\":\"https:\\\/\\\/bodrumgarantiteknik.com.tr\\\/index.php\\\/bodrum-beyaz-esya-servisi-0252-502-00-48\\\/#breadcrumb\",\"itemListElement\":[{\"@type\":\"ListItem\",\"position\":1,\"name\":\"Anasayfa\",\"item\":\"https:\\\/\\\/bodrumgarantiteknik.com.tr\\\/\"},{\"@type\":\"ListItem\",\"position\":2,\"name\":\"Bodrum Beyaz E\u015fya Servisi 0252 502 00 48\"}]},{\"@type\":\"WebSite\",\"@id\":\"https:\\\/\\\/bodrumgarantiteknik.com.tr\\\/#website\",\"url\":\"https:\\\/\\\/bodrumgarantiteknik.com.tr\\\/\",\"name\":\"Bodrum Garanti Teknik 0252 502 00 48\",\"description\":\"Beyaz E\u015fya ve Klima Servisi\",\"potentialAction\":[{\"@type\":\"SearchAction\",\"target\":{\"@type\":\"EntryPoint\",\"urlTemplate\":\"https:\\\/\\\/bodrumgarantiteknik.com.tr\\\/?s={search_term_string}\"},\"query-input\":{\"@type\":\"PropertyValueSpecification\",\"valueRequired\":true,\"valueName\":\"search_term_string\"}}],\"inLanguage\":\"tr\"}]}<\/script>\n<!-- \/ Yoast SEO plugin. -->","yoast_head_json":{"title":"Bodrum Beyaz E\u015fya Servisi 0252 502 00 48 - Bodrum Garanti Teknik 0252 502 00 48","description":"Beyaz E\u015fya Servisi Bodrum Garanti Teknik 0252 502 00 48 T\u00fcm marka model beyaz e\u015fya Bak\u0131m ve Onar\u0131m\u0131 2. El Spot Beyaz E\u015fya Sat\u0131\u015f\u0131","robots":{"index":"index","follow":"follow","max-snippet":"max-snippet:-1","max-image-preview":"max-image-preview:large","max-video-preview":"max-video-preview:-1"},"canonical":"https:\/\/bodrumgarantiteknik.com.tr\/index.php\/bodrum-beyaz-esya-servisi-0252-502-00-48\/","og_locale":"tr_TR","og_type":"article","og_title":"Bodrum Beyaz E\u015fya Servisi 0252 502 00 48 - Bodrum Garanti Teknik 0252 502 00 48","og_description":"Beyaz E\u015fya Servisi Bodrum Garanti Teknik 0252 502 00 48 T\u00fcm marka model beyaz e\u015fya Bak\u0131m ve Onar\u0131m\u0131 2. El Spot Beyaz E\u015fya Sat\u0131\u015f\u0131","og_url":"https:\/\/bodrumgarantiteknik.com.tr\/index.php\/bodrum-beyaz-esya-servisi-0252-502-00-48\/","og_site_name":"Bodrum Garanti Teknik 0252 502 00 48","article_modified_time":"2024-05-14T23:01:58+00:00","og_image":[{"url":"https:\/\/bodrumgarantiteknik.com.tr\/wp-content\/uploads\/2024\/05\/bodrum-beyaz-esya-servisi-1024x578.jpg","type":"","width":"","height":""}],"twitter_card":"summary_large_image","twitter_misc":{"Tahmini okuma s\u00fcresi":"3 dakika"},"schema":{"@context":"https:\/\/schema.org","@graph":[{"@type":"WebPage","@id":"https:\/\/bodrumgarantiteknik.com.tr\/index.php\/bodrum-beyaz-esya-servisi-0252-502-00-48\/","url":"https:\/\/bodrumgarantiteknik.com.tr\/index.php\/bodrum-beyaz-esya-servisi-0252-502-00-48\/","name":"Bodrum Beyaz E\u015fya Servisi 0252 502 00 48 - Bodrum Garanti Teknik 0252 502 00 48","isPartOf":{"@id":"https:\/\/bodrumgarantiteknik.com.tr\/#website"},"primaryImageOfPage":{"@id":"https:\/\/bodrumgarantiteknik.com.tr\/index.php\/bodrum-beyaz-esya-servisi-0252-502-00-48\/#primaryimage"},"image":{"@id":"https:\/\/bodrumgarantiteknik.com.tr\/index.php\/bodrum-beyaz-esya-servisi-0252-502-00-48\/#primaryimage"},"thumbnailUrl":"https:\/\/bodrumgarantiteknik.com.tr\/wp-content\/uploads\/2024\/05\/bodrum-beyaz-esya-servisi-1024x578.jpg","datePublished":"2020-10-03T14:51:34+00:00","dateModified":"2024-05-14T23:01:58+00:00","description":"Beyaz E\u015fya Servisi Bodrum Garanti Teknik 0252 502 00 48 T\u00fcm marka model beyaz e\u015fya Bak\u0131m ve Onar\u0131m\u0131 2. El Spot Beyaz E\u015fya Sat\u0131\u015f\u0131","breadcrumb":{"@id":"https:\/\/bodrumgarantiteknik.com.tr\/index.php\/bodrum-beyaz-esya-servisi-0252-502-00-48\/#breadcrumb"},"inLanguage":"tr","potentialAction":[{"@type":"ReadAction","target":["https:\/\/bodrumgarantiteknik.com.tr\/index.php\/bodrum-beyaz-esya-servisi-0252-502-00-48\/"]}]},{"@type":"ImageObject","inLanguage":"tr","@id":"https:\/\/bodrumgarantiteknik.com.tr\/index.php\/bodrum-beyaz-esya-servisi-0252-502-00-48\/#primaryimage","url":"https:\/\/bodrumgarantiteknik.com.tr\/wp-content\/uploads\/2024\/05\/bodrum-beyaz-esya-servisi.jpg","contentUrl":"https:\/\/bodrumgarantiteknik.com.tr\/wp-content\/uploads\/2024\/05\/bodrum-beyaz-esya-servisi.jpg","width":1063,"height":600,"caption":"bodrum-beyaz-esya-servisi"},{"@type":"BreadcrumbList","@id":"https:\/\/bodrumgarantiteknik.com.tr\/index.php\/bodrum-beyaz-esya-servisi-0252-502-00-48\/#breadcrumb","itemListElement":[{"@type":"ListItem","position":1,"name":"Anasayfa","item":"https:\/\/bodrumgarantiteknik.com.tr\/"},{"@type":"ListItem","position":2,"name":"Bodrum Beyaz E\u015fya Servisi 0252 502 00 48"}]},{"@type":"WebSite","@id":"https:\/\/bodrumgarantiteknik.com.tr\/#website","url":"https:\/\/bodrumgarantiteknik.com.tr\/","name":"Bodrum Garanti Teknik 0252 502 00 48","description":"Beyaz E\u015fya ve Klima Servisi","potentialAction":[{"@type":"SearchAction","target":{"@type":"EntryPoint","urlTemplate":"https:\/\/bodrumgarantiteknik.com.tr\/?s={search_term_string}"},"query-input":{"@type":"PropertyValueSpecification","valueRequired":true,"valueName":"search_term_string"}}],"inLanguage":"tr"}]}},"_links":{"self":[{"href":"https:\/\/bodrumgarantiteknik.com.tr\/index.php\/wp-json\/wp\/v2\/pages\/13","targetHints":{"allow":["GET"]}}],"collection":[{"href":"https:\/\/bodrumgarantiteknik.com.tr\/index.php\/wp-json\/wp\/v2\/pages"}],"about":[{"href":"https:\/\/bodrumgarantiteknik.com.tr\/index.php\/wp-json\/wp\/v2\/types\/page"}],"author":[{"embeddable":true,"href":"https:\/\/bodrumgarantiteknik.com.tr\/index.php\/wp-json\/wp\/v2\/users\/1"}],"replies":[{"embeddable":true,"href":"https:\/\/bodrumgarantiteknik.com.tr\/index.php\/wp-json\/wp\/v2\/comments?post=13"}],"version-history":[{"count":11,"href":"https:\/\/bodrumgarantiteknik.com.tr\/index.php\/wp-json\/wp\/v2\/pages\/13\/revisions"}],"predecessor-version":[{"id":762,"href":"https:\/\/bodrumgarantiteknik.com.tr\/index.php\/wp-json\/wp\/v2\/pages\/13\/revisions\/762"}],"wp:attachment":[{"href":"https:\/\/bodrumgarantiteknik.com.tr\/index.php\/wp-json\/wp\/v2\/media?parent=13"}],"curies":[{"name":"wp","href":"https:\/\/api.w.org\/{rel}","templated":true}]}}