{"id":694,"date":"2024-05-14T19:34:04","date_gmt":"2024-05-14T19:34:04","guid":{"rendered":"https:\/\/bodrumgarantiteknik.com.tr\/?page_id=694"},"modified":"2024-05-14T22:37:33","modified_gmt":"2024-05-14T22:37:33","slug":"bodrum-siemens-beyaz-esya-servisi-0252-502-00-48","status":"publish","type":"page","link":"https:\/\/bodrumgarantiteknik.com.tr\/index.php\/bodrum-beyaz-esya-servisi-0252-502-00-48\/bodrum-siemens-beyaz-esya-servisi-0252-502-00-48\/","title":{"rendered":"Bodrum Siemens Beyaz E\u015fya Servisi 0252 502 00 48"},"content":{"rendered":"<h1>Bodrum Siemens Beyaz E\u015fya Servisi 0252 502 00 48<\/h1>\n<p><img fetchpriority=\"high\" decoding=\"async\" class=\"aligncenter wp-image-695 size-full\" src=\"https:\/\/bodrumgarantiteknik.com.tr\/wp-content\/uploads\/2024\/05\/Siemens-Derin-Dondurucu-Servisi-Siemens-Kurutma-Makinesi-Servisi.jpg\" alt=\"Siemens Beyaz E\u015fya Servisi\" width=\"535\" height=\"535\" srcset=\"https:\/\/bodrumgarantiteknik.com.tr\/wp-content\/uploads\/2024\/05\/Siemens-Derin-Dondurucu-Servisi-Siemens-Kurutma-Makinesi-Servisi.jpg 535w, https:\/\/bodrumgarantiteknik.com.tr\/wp-content\/uploads\/2024\/05\/Siemens-Derin-Dondurucu-Servisi-Siemens-Kurutma-Makinesi-Servisi-300x300.jpg 300w, https:\/\/bodrumgarantiteknik.com.tr\/wp-content\/uploads\/2024\/05\/Siemens-Derin-Dondurucu-Servisi-Siemens-Kurutma-Makinesi-Servisi-150x150.jpg 150w, https:\/\/bodrumgarantiteknik.com.tr\/wp-content\/uploads\/2024\/05\/Siemens-Derin-Dondurucu-Servisi-Siemens-Kurutma-Makinesi-Servisi-230x230.jpg 230w, https:\/\/bodrumgarantiteknik.com.tr\/wp-content\/uploads\/2024\/05\/Siemens-Derin-Dondurucu-Servisi-Siemens-Kurutma-Makinesi-Servisi-350x350.jpg 350w, https:\/\/bodrumgarantiteknik.com.tr\/wp-content\/uploads\/2024\/05\/Siemens-Derin-Dondurucu-Servisi-Siemens-Kurutma-Makinesi-Servisi-480x480.jpg 480w\" sizes=\"(max-width: 535px) 100vw, 535px\" \/><\/p>\n<div class=\"flex-1 overflow-hidden\">\n<div class=\"react-scroll-to-bottom--css-lnaml-79elbk h-full\">\n<div class=\"react-scroll-to-bottom--css-lnaml-1n7m0yu\">\n<div class=\"flex flex-col text-sm pb-9\">\n<div class=\"w-full text-token-text-primary\" dir=\"auto\" data-testid=\"conversation-turn-37\" data-scroll-anchor=\"true\">\n<div class=\"py-2 px-3 text-base md:px-4 m-auto md:px-5 lg:px-1 xl:px-5\">\n<div class=\"mx-auto flex flex-1 gap-3 text-base juice:gap-4 juice:md:gap-6 md:max-w-3xl lg:max-w-[40rem] xl:max-w-[48rem]\">\n<div class=\"relative flex w-full min-w-0 flex-col agent-turn\">\n<div class=\"flex-col gap-1 md:gap-3\">\n<div class=\"flex flex-grow flex-col max-w-full\">\n<div class=\"min-h-[20px] text-message flex flex-col items-start whitespace-pre-wrap break-words [.text-message+&amp;]:mt-5 juice:w-full juice:items-end overflow-x-auto gap-3\" dir=\"auto\" data-message-author-role=\"assistant\" data-message-id=\"f6c2fb54-7a14-4b3e-ab0f-6a66830b2e69\">\n<div class=\"markdown prose w-full break-words dark:prose-invert light\">\n<p><strong>Bodrum Siemens Beyaz E\u015fya Servisi 0252 502 00 48<\/strong><\/p>\n<p>Bodrum Garanti <a href=\"https:\/\/bodrumgarantiteknik.com.tr\/index.php\/beyaz-esya-servisi\/\">Teknik<\/a>, beyaz e\u015fya sekt\u00f6r\u00fcnde uzmanla\u015fm\u0131\u015f ve m\u00fc\u015fterilerine g\u00fcvenilir hizmetler sunan bir teknik servis firmas\u0131d\u0131r. Siemens markas\u0131, y\u00fcksek kaliteli ve dayan\u0131kl\u0131 beyaz e\u015fya \u00fcr\u00fcnleriyle bilinir ve bu \u00fcr\u00fcnler genellikle evlerin vazge\u00e7ilmez bir par\u00e7as\u0131d\u0131r. Bodrum Garanti Teknik, Siemens beyaz e\u015fya \u00fcr\u00fcnlerinin tamiri, bak\u0131m\u0131 ve montaj\u0131 konusunda geni\u015f bir hizmet yelpazesi sunarak m\u00fc\u015fterilerinin ihtiya\u00e7lar\u0131n\u0131 kar\u015f\u0131lar.<\/p>\n<p><strong>Profesyonel Yakla\u015f\u0131m ve Uzmanl\u0131k<\/strong><\/p>\n<p>Bodrum Garanti Teknik, <a href=\"http:\/\/google.com.tr\">Siemens<\/a> beyaz e\u015fya servisi alan\u0131nda uzmanla\u015fm\u0131\u015f ve deneyimli bir ekipten olu\u015fur. Teknik personeli, Siemens marka beyaz e\u015fya \u00fcr\u00fcnlerinin teknik \u00f6zellikleri ve gereksinimleri konusunda derin bir bilgiye sahiptir. Ar\u0131zalar\u0131 h\u0131zl\u0131 bir \u015fekilde te\u015fhis eder ve uygun \u00e7\u00f6z\u00fcmler sunarlar.<\/p>\n<p><strong>Tamir, Bak\u0131m ve Montaj Hizmetleri<\/strong><\/p>\n<p>Bodrum Garanti Teknik, Siemens beyaz e\u015fya \u00fcr\u00fcnlerinin tamiri, bak\u0131m\u0131 ve montaj\u0131 konusunda kapsaml\u0131 bir hizmet sunar. Ar\u0131za durumlar\u0131nda h\u0131zl\u0131 bir m\u00fcdahale ile sorunun \u00e7\u00f6z\u00fclmesini sa\u011flarlar. Ayr\u0131ca, d\u00fczenli bak\u0131m hizmetleri sunarak Siemens beyaz e\u015fya \u00fcr\u00fcnlerinin performans\u0131n\u0131 art\u0131r\u0131r ve \u00f6mr\u00fcn\u00fc uzat\u0131r.<\/p>\n<p><strong>Orijinal Yedek Par\u00e7a Kullan\u0131m\u0131<\/strong><\/p>\n<p>Ar\u0131zal\u0131 bir par\u00e7an\u0131n de\u011fi\u015ftirilmesi gerekti\u011finde, orijinal yedek par\u00e7a kullan\u0131m\u0131 olduk\u00e7a \u00f6nemlidir. Bodrum Garanti Teknik, Siemens beyaz e\u015fya \u00fcr\u00fcnlerinin tamiri ve bak\u0131m\u0131nda orijinal yedek par\u00e7alar\u0131 kullanarak m\u00fc\u015fterilerine en y\u00fcksek kaliteyi garanti eder. Bu sayede, Siemens beyaz e\u015fya \u00fcr\u00fcnlerinin performans\u0131 ve dayan\u0131kl\u0131l\u0131\u011f\u0131 korunur.<\/p>\n<p><strong>G\u00fcvenilir ve H\u0131zl\u0131 Hizmet<\/strong><\/p>\n<p>M\u00fc\u015fteri memnuniyeti ve g\u00fcvenilir hizmet anlay\u0131\u015f\u0131, Bodrum Garanti Teknik&#8217;in \u00f6nceliklerindendir. Her bir m\u00fc\u015fteriye \u00f6zenle yakla\u015farak, ihtiya\u00e7lar\u0131na en uygun \u00e7\u00f6z\u00fcmleri sunarlar. Acil durumlarda h\u0131zl\u0131 m\u00fcdahale ve \u00e7\u00f6z\u00fcm odakl\u0131 yakla\u015f\u0131m\u0131yla, m\u00fc\u015fterilerin g\u00fcnl\u00fck ya\u015famlar\u0131n\u0131 aksatmadan sorunlar\u0131n\u0131 \u00e7\u00f6zmek i\u00e7in buradad\u0131rlar.<\/p>\n<p>Bodrum Garanti Teknik, Siemens beyaz e\u015fya servisi alan\u0131nda g\u00fcvenilir, profesyonel ve kaliteli hizmetler sunarak m\u00fc\u015fterilerinin memnuniyetini sa\u011flar. Siemens marka beyaz e\u015fya \u00fcr\u00fcnlerinizde herhangi bir sorunla kar\u015f\u0131la\u015ft\u0131\u011f\u0131n\u0131zda, Bodrum Garanti Teknik&#8217;e g\u00fcvenebilir ve ihtiya\u00e7lar\u0131n\u0131za en uygun \u00e7\u00f6z\u00fcmleri bulabilirsiniz.<\/p>\n<\/div>\n<\/div>\n<\/div>\n<div class=\"mt-1 flex gap-3 empty:hidden juice:-ml-3\">\n<div class=\"-ml-1 mt-0 flex h-7 items-center justify-center gap-[2px] self-end text-gray-400 lg:justify-start lg:self-center visible\"><a href=\"tel:02525020048\"><button class=\"rounded-md p-1 text-token-text-tertiary hover:text-token-text-primary\"><img decoding=\"async\" class=\"size-medium wp-image-696 alignnone\" src=\"https:\/\/bodrumgarantiteknik.com.tr\/wp-content\/uploads\/2024\/05\/simdi-araaa-300x105.jpg\" alt=\"\" width=\"300\" height=\"105\" srcset=\"https:\/\/bodrumgarantiteknik.com.tr\/wp-content\/uploads\/2024\/05\/simdi-araaa-300x105.jpg 300w, https:\/\/bodrumgarantiteknik.com.tr\/wp-content\/uploads\/2024\/05\/simdi-araaa-230x80.jpg 230w, https:\/\/bodrumgarantiteknik.com.tr\/wp-content\/uploads\/2024\/05\/simdi-araaa-350x122.jpg 350w, https:\/\/bodrumgarantiteknik.com.tr\/wp-content\/uploads\/2024\/05\/simdi-araaa.jpg 413w\" sizes=\"(max-width: 300px) 100vw, 300px\" \/><\/button><\/a><button class=\"rounded-md p-1 text-token-text-tertiary hover:text-token-text-primary\"><br \/>\n<\/button><\/div>\n<\/div>\n<\/div>\n<\/div>\n<\/div>\n<\/div>\n<\/div>\n<\/div>\n<\/div>\n<\/div>\n<\/div>\n","protected":false},"excerpt":{"rendered":"<p>Bodrum Siemens Beyaz E\u015fya Servisi 0252 502 00 48 Bodrum Siemens Beyaz E\u015fya Servisi 0252 502 00 48 Bodrum Garanti Teknik, beyaz e\u015fya sekt\u00f6r\u00fcnde uzmanla\u015fm\u0131\u015f [&hellip;]<\/p>\n","protected":false},"author":1,"featured_media":0,"parent":13,"menu_order":2,"comment_status":"closed","ping_status":"closed","template":"","meta":{"footnotes":""},"class_list":["post-694","page","type-page","status-publish","hentry"],"yoast_head":"<!-- This site is optimized with the Yoast SEO plugin v27.4 - https:\/\/yoast.com\/product\/yoast-seo-wordpress\/ -->\n<title>Bodrum Siemens Beyaz E\u015fya Servisi 0252 502 00 48 - Bodrum Garanti Teknik 0252 502 00 48<\/title>\n<meta name=\"description\" content=\"Siemens Beyaz E\u015fya Servisi Bodrum Garanti Teknik 0252 502 00 48 Siemens Beyaz E\u015fya Tamir Bak\u0131m ve Onar\u0131m Hizmeti Sunuyoruz\" \/>\n<meta name=\"robots\" content=\"index, follow, max-snippet:-1, max-image-preview:large, max-video-preview:-1\" \/>\n<link rel=\"canonical\" href=\"https:\/\/bodrumgarantiteknik.com.tr\/index.php\/bodrum-beyaz-esya-servisi-0252-502-00-48\/bodrum-siemens-beyaz-esya-servisi-0252-502-00-48\/\" \/>\n<meta property=\"og:locale\" content=\"tr_TR\" \/>\n<meta property=\"og:type\" content=\"article\" \/>\n<meta property=\"og:title\" content=\"Bodrum Siemens Beyaz E\u015fya Servisi 0252 502 00 48 - Bodrum Garanti Teknik 0252 502 00 48\" \/>\n<meta property=\"og:description\" content=\"Siemens Beyaz E\u015fya Servisi Bodrum Garanti Teknik 0252 502 00 48 Siemens Beyaz E\u015fya Tamir Bak\u0131m ve Onar\u0131m Hizmeti Sunuyoruz\" \/>\n<meta property=\"og:url\" content=\"https:\/\/bodrumgarantiteknik.com.tr\/index.php\/bodrum-beyaz-esya-servisi-0252-502-00-48\/bodrum-siemens-beyaz-esya-servisi-0252-502-00-48\/\" \/>\n<meta property=\"og:site_name\" content=\"Bodrum Garanti Teknik 0252 502 00 48\" \/>\n<meta property=\"article:modified_time\" content=\"2024-05-14T22:37:33+00:00\" \/>\n<meta property=\"og:image\" content=\"https:\/\/bodrumgarantiteknik.com.tr\/wp-content\/uploads\/2024\/05\/Siemens-Derin-Dondurucu-Servisi-Siemens-Kurutma-Makinesi-Servisi.jpg\" \/>\n<meta name=\"twitter:card\" content=\"summary_large_image\" \/>\n<meta name=\"twitter:label1\" content=\"Tahmini okuma s\u00fcresi\" \/>\n\t<meta name=\"twitter:data1\" content=\"3 dakika\" \/>\n<script type=\"application\/ld+json\" class=\"yoast-schema-graph\">{\"@context\":\"https:\\\/\\\/schema.org\",\"@graph\":[{\"@type\":\"WebPage\",\"@id\":\"https:\\\/\\\/bodrumgarantiteknik.com.tr\\\/index.php\\\/bodrum-beyaz-esya-servisi-0252-502-00-48\\\/bodrum-siemens-beyaz-esya-servisi-0252-502-00-48\\\/\",\"url\":\"https:\\\/\\\/bodrumgarantiteknik.com.tr\\\/index.php\\\/bodrum-beyaz-esya-servisi-0252-502-00-48\\\/bodrum-siemens-beyaz-esya-servisi-0252-502-00-48\\\/\",\"name\":\"Bodrum Siemens Beyaz E\u015fya Servisi 0252 502 00 48 - Bodrum Garanti Teknik 0252 502 00 48\",\"isPartOf\":{\"@id\":\"https:\\\/\\\/bodrumgarantiteknik.com.tr\\\/#website\"},\"primaryImageOfPage\":{\"@id\":\"https:\\\/\\\/bodrumgarantiteknik.com.tr\\\/index.php\\\/bodrum-beyaz-esya-servisi-0252-502-00-48\\\/bodrum-siemens-beyaz-esya-servisi-0252-502-00-48\\\/#primaryimage\"},\"image\":{\"@id\":\"https:\\\/\\\/bodrumgarantiteknik.com.tr\\\/index.php\\\/bodrum-beyaz-esya-servisi-0252-502-00-48\\\/bodrum-siemens-beyaz-esya-servisi-0252-502-00-48\\\/#primaryimage\"},\"thumbnailUrl\":\"https:\\\/\\\/bodrumgarantiteknik.com.tr\\\/wp-content\\\/uploads\\\/2024\\\/05\\\/Siemens-Derin-Dondurucu-Servisi-Siemens-Kurutma-Makinesi-Servisi.jpg\",\"datePublished\":\"2024-05-14T19:34:04+00:00\",\"dateModified\":\"2024-05-14T22:37:33+00:00\",\"description\":\"Siemens Beyaz E\u015fya Servisi Bodrum Garanti Teknik 0252 502 00 48 Siemens Beyaz E\u015fya Tamir Bak\u0131m ve Onar\u0131m Hizmeti Sunuyoruz\",\"breadcrumb\":{\"@id\":\"https:\\\/\\\/bodrumgarantiteknik.com.tr\\\/index.php\\\/bodrum-beyaz-esya-servisi-0252-502-00-48\\\/bodrum-siemens-beyaz-esya-servisi-0252-502-00-48\\\/#breadcrumb\"},\"inLanguage\":\"tr\",\"potentialAction\":[{\"@type\":\"ReadAction\",\"target\":[\"https:\\\/\\\/bodrumgarantiteknik.com.tr\\\/index.php\\\/bodrum-beyaz-esya-servisi-0252-502-00-48\\\/bodrum-siemens-beyaz-esya-servisi-0252-502-00-48\\\/\"]}]},{\"@type\":\"ImageObject\",\"inLanguage\":\"tr\",\"@id\":\"https:\\\/\\\/bodrumgarantiteknik.com.tr\\\/index.php\\\/bodrum-beyaz-esya-servisi-0252-502-00-48\\\/bodrum-siemens-beyaz-esya-servisi-0252-502-00-48\\\/#primaryimage\",\"url\":\"https:\\\/\\\/bodrumgarantiteknik.com.tr\\\/wp-content\\\/uploads\\\/2024\\\/05\\\/Siemens-Derin-Dondurucu-Servisi-Siemens-Kurutma-Makinesi-Servisi.jpg\",\"contentUrl\":\"https:\\\/\\\/bodrumgarantiteknik.com.tr\\\/wp-content\\\/uploads\\\/2024\\\/05\\\/Siemens-Derin-Dondurucu-Servisi-Siemens-Kurutma-Makinesi-Servisi.jpg\",\"width\":535,\"height\":535},{\"@type\":\"BreadcrumbList\",\"@id\":\"https:\\\/\\\/bodrumgarantiteknik.com.tr\\\/index.php\\\/bodrum-beyaz-esya-servisi-0252-502-00-48\\\/bodrum-siemens-beyaz-esya-servisi-0252-502-00-48\\\/#breadcrumb\",\"itemListElement\":[{\"@type\":\"ListItem\",\"position\":1,\"name\":\"Anasayfa\",\"item\":\"https:\\\/\\\/bodrumgarantiteknik.com.tr\\\/\"},{\"@type\":\"ListItem\",\"position\":2,\"name\":\"Bodrum Beyaz E\u015fya Servisi 0252 502 00 48\",\"item\":\"https:\\\/\\\/bodrumgarantiteknik.com.tr\\\/index.php\\\/bodrum-beyaz-esya-servisi-0252-502-00-48\\\/\"},{\"@type\":\"ListItem\",\"position\":3,\"name\":\"Bodrum Siemens Beyaz E\u015fya Servisi 0252 502 00 48\"}]},{\"@type\":\"WebSite\",\"@id\":\"https:\\\/\\\/bodrumgarantiteknik.com.tr\\\/#website\",\"url\":\"https:\\\/\\\/bodrumgarantiteknik.com.tr\\\/\",\"name\":\"Bodrum Garanti Teknik 0252 502 00 48\",\"description\":\"Beyaz E\u015fya ve Klima Servisi\",\"potentialAction\":[{\"@type\":\"SearchAction\",\"target\":{\"@type\":\"EntryPoint\",\"urlTemplate\":\"https:\\\/\\\/bodrumgarantiteknik.com.tr\\\/?s={search_term_string}\"},\"query-input\":{\"@type\":\"PropertyValueSpecification\",\"valueRequired\":true,\"valueName\":\"search_term_string\"}}],\"inLanguage\":\"tr\"}]}<\/script>\n<!-- \/ Yoast SEO plugin. -->","yoast_head_json":{"title":"Bodrum Siemens Beyaz E\u015fya Servisi 0252 502 00 48 - Bodrum Garanti Teknik 0252 502 00 48","description":"Siemens Beyaz E\u015fya Servisi Bodrum Garanti Teknik 0252 502 00 48 Siemens Beyaz E\u015fya Tamir Bak\u0131m ve Onar\u0131m Hizmeti Sunuyoruz","robots":{"index":"index","follow":"follow","max-snippet":"max-snippet:-1","max-image-preview":"max-image-preview:large","max-video-preview":"max-video-preview:-1"},"canonical":"https:\/\/bodrumgarantiteknik.com.tr\/index.php\/bodrum-beyaz-esya-servisi-0252-502-00-48\/bodrum-siemens-beyaz-esya-servisi-0252-502-00-48\/","og_locale":"tr_TR","og_type":"article","og_title":"Bodrum Siemens Beyaz E\u015fya Servisi 0252 502 00 48 - Bodrum Garanti Teknik 0252 502 00 48","og_description":"Siemens Beyaz E\u015fya Servisi Bodrum Garanti Teknik 0252 502 00 48 Siemens Beyaz E\u015fya Tamir Bak\u0131m ve Onar\u0131m Hizmeti Sunuyoruz","og_url":"https:\/\/bodrumgarantiteknik.com.tr\/index.php\/bodrum-beyaz-esya-servisi-0252-502-00-48\/bodrum-siemens-beyaz-esya-servisi-0252-502-00-48\/","og_site_name":"Bodrum Garanti Teknik 0252 502 00 48","article_modified_time":"2024-05-14T22:37:33+00:00","og_image":[{"url":"https:\/\/bodrumgarantiteknik.com.tr\/wp-content\/uploads\/2024\/05\/Siemens-Derin-Dondurucu-Servisi-Siemens-Kurutma-Makinesi-Servisi.jpg","type":"","width":"","height":""}],"twitter_card":"summary_large_image","twitter_misc":{"Tahmini okuma s\u00fcresi":"3 dakika"},"schema":{"@context":"https:\/\/schema.org","@graph":[{"@type":"WebPage","@id":"https:\/\/bodrumgarantiteknik.com.tr\/index.php\/bodrum-beyaz-esya-servisi-0252-502-00-48\/bodrum-siemens-beyaz-esya-servisi-0252-502-00-48\/","url":"https:\/\/bodrumgarantiteknik.com.tr\/index.php\/bodrum-beyaz-esya-servisi-0252-502-00-48\/bodrum-siemens-beyaz-esya-servisi-0252-502-00-48\/","name":"Bodrum Siemens Beyaz E\u015fya Servisi 0252 502 00 48 - Bodrum Garanti Teknik 0252 502 00 48","isPartOf":{"@id":"https:\/\/bodrumgarantiteknik.com.tr\/#website"},"primaryImageOfPage":{"@id":"https:\/\/bodrumgarantiteknik.com.tr\/index.php\/bodrum-beyaz-esya-servisi-0252-502-00-48\/bodrum-siemens-beyaz-esya-servisi-0252-502-00-48\/#primaryimage"},"image":{"@id":"https:\/\/bodrumgarantiteknik.com.tr\/index.php\/bodrum-beyaz-esya-servisi-0252-502-00-48\/bodrum-siemens-beyaz-esya-servisi-0252-502-00-48\/#primaryimage"},"thumbnailUrl":"https:\/\/bodrumgarantiteknik.com.tr\/wp-content\/uploads\/2024\/05\/Siemens-Derin-Dondurucu-Servisi-Siemens-Kurutma-Makinesi-Servisi.jpg","datePublished":"2024-05-14T19:34:04+00:00","dateModified":"2024-05-14T22:37:33+00:00","description":"Siemens Beyaz E\u015fya Servisi Bodrum Garanti Teknik 0252 502 00 48 Siemens Beyaz E\u015fya Tamir Bak\u0131m ve Onar\u0131m Hizmeti Sunuyoruz","breadcrumb":{"@id":"https:\/\/bodrumgarantiteknik.com.tr\/index.php\/bodrum-beyaz-esya-servisi-0252-502-00-48\/bodrum-siemens-beyaz-esya-servisi-0252-502-00-48\/#breadcrumb"},"inLanguage":"tr","potentialAction":[{"@type":"ReadAction","target":["https:\/\/bodrumgarantiteknik.com.tr\/index.php\/bodrum-beyaz-esya-servisi-0252-502-00-48\/bodrum-siemens-beyaz-esya-servisi-0252-502-00-48\/"]}]},{"@type":"ImageObject","inLanguage":"tr","@id":"https:\/\/bodrumgarantiteknik.com.tr\/index.php\/bodrum-beyaz-esya-servisi-0252-502-00-48\/bodrum-siemens-beyaz-esya-servisi-0252-502-00-48\/#primaryimage","url":"https:\/\/bodrumgarantiteknik.com.tr\/wp-content\/uploads\/2024\/05\/Siemens-Derin-Dondurucu-Servisi-Siemens-Kurutma-Makinesi-Servisi.jpg","contentUrl":"https:\/\/bodrumgarantiteknik.com.tr\/wp-content\/uploads\/2024\/05\/Siemens-Derin-Dondurucu-Servisi-Siemens-Kurutma-Makinesi-Servisi.jpg","width":535,"height":535},{"@type":"BreadcrumbList","@id":"https:\/\/bodrumgarantiteknik.com.tr\/index.php\/bodrum-beyaz-esya-servisi-0252-502-00-48\/bodrum-siemens-beyaz-esya-servisi-0252-502-00-48\/#breadcrumb","itemListElement":[{"@type":"ListItem","position":1,"name":"Anasayfa","item":"https:\/\/bodrumgarantiteknik.com.tr\/"},{"@type":"ListItem","position":2,"name":"Bodrum Beyaz E\u015fya Servisi 0252 502 00 48","item":"https:\/\/bodrumgarantiteknik.com.tr\/index.php\/bodrum-beyaz-esya-servisi-0252-502-00-48\/"},{"@type":"ListItem","position":3,"name":"Bodrum Siemens Beyaz E\u015fya Servisi 0252 502 00 48"}]},{"@type":"WebSite","@id":"https:\/\/bodrumgarantiteknik.com.tr\/#website","url":"https:\/\/bodrumgarantiteknik.com.tr\/","name":"Bodrum Garanti Teknik 0252 502 00 48","description":"Beyaz E\u015fya ve Klima Servisi","potentialAction":[{"@type":"SearchAction","target":{"@type":"EntryPoint","urlTemplate":"https:\/\/bodrumgarantiteknik.com.tr\/?s={search_term_string}"},"query-input":{"@type":"PropertyValueSpecification","valueRequired":true,"valueName":"search_term_string"}}],"inLanguage":"tr"}]}},"_links":{"self":[{"href":"https:\/\/bodrumgarantiteknik.com.tr\/index.php\/wp-json\/wp\/v2\/pages\/694","targetHints":{"allow":["GET"]}}],"collection":[{"href":"https:\/\/bodrumgarantiteknik.com.tr\/index.php\/wp-json\/wp\/v2\/pages"}],"about":[{"href":"https:\/\/bodrumgarantiteknik.com.tr\/index.php\/wp-json\/wp\/v2\/types\/page"}],"author":[{"embeddable":true,"href":"https:\/\/bodrumgarantiteknik.com.tr\/index.php\/wp-json\/wp\/v2\/users\/1"}],"replies":[{"embeddable":true,"href":"https:\/\/bodrumgarantiteknik.com.tr\/index.php\/wp-json\/wp\/v2\/comments?post=694"}],"version-history":[{"count":3,"href":"https:\/\/bodrumgarantiteknik.com.tr\/index.php\/wp-json\/wp\/v2\/pages\/694\/revisions"}],"predecessor-version":[{"id":741,"href":"https:\/\/bodrumgarantiteknik.com.tr\/index.php\/wp-json\/wp\/v2\/pages\/694\/revisions\/741"}],"up":[{"embeddable":true,"href":"https:\/\/bodrumgarantiteknik.com.tr\/index.php\/wp-json\/wp\/v2\/pages\/13"}],"wp:attachment":[{"href":"https:\/\/bodrumgarantiteknik.com.tr\/index.php\/wp-json\/wp\/v2\/media?parent=694"}],"curies":[{"name":"wp","href":"https:\/\/api.w.org\/{rel}","templated":true}]}}