{"id":810,"date":"2024-05-15T14:06:51","date_gmt":"2024-05-15T14:06:51","guid":{"rendered":"https:\/\/bodrumgarantiteknik.com.tr\/?page_id=810"},"modified":"2024-05-15T14:06:51","modified_gmt":"2024-05-15T14:06:51","slug":"bodrum-daikin-klima-servisi-0252-502-00-48","status":"publish","type":"page","link":"https:\/\/bodrumgarantiteknik.com.tr\/index.php\/bodrum-klima-servisi-0252-502-00-48\/bodrum-daikin-klima-servisi-0252-502-00-48\/","title":{"rendered":"Bodrum Daikin Klima Servisi 0252 502 00 48"},"content":{"rendered":"<h1>Bodrum Daikin Klima Servisi 0252 502 00 48<\/h1>\n<p><img fetchpriority=\"high\" decoding=\"async\" class=\"size-full wp-image-811 aligncenter\" src=\"https:\/\/bodrumgarantiteknik.com.tr\/wp-content\/uploads\/2024\/05\/Bodrum-Daikin-Klima-Servisi.jpg\" alt=\"Bodrum Daikin Klima Servisi\" width=\"568\" height=\"333\" srcset=\"https:\/\/bodrumgarantiteknik.com.tr\/wp-content\/uploads\/2024\/05\/Bodrum-Daikin-Klima-Servisi.jpg 568w, https:\/\/bodrumgarantiteknik.com.tr\/wp-content\/uploads\/2024\/05\/Bodrum-Daikin-Klima-Servisi-300x176.jpg 300w, https:\/\/bodrumgarantiteknik.com.tr\/wp-content\/uploads\/2024\/05\/Bodrum-Daikin-Klima-Servisi-230x135.jpg 230w, https:\/\/bodrumgarantiteknik.com.tr\/wp-content\/uploads\/2024\/05\/Bodrum-Daikin-Klima-Servisi-350x205.jpg 350w, https:\/\/bodrumgarantiteknik.com.tr\/wp-content\/uploads\/2024\/05\/Bodrum-Daikin-Klima-Servisi-480x281.jpg 480w\" sizes=\"(max-width: 568px) 100vw, 568px\" \/><\/p>\n<p><strong>Bodrum Daikin Klima Servisi 0252 502 00 48<\/strong><\/p>\n<hr \/>\n<p><strong>Bodrum Garanti Teknik: Daikin Klima Servisi<\/strong><\/p>\n<p>Bodrum Garanti Teknik olarak, Daikin marka klimalar\u0131n g\u00fcvenilir ve uzman servis hizmetini sunmaktan gurur duyuyoruz. M\u00fc\u015fterilerimize en kaliteli hizmeti sunmak i\u00e7in e\u011fitimli ve deneyimli ekibimizle birlikte \u00e7al\u0131\u015f\u0131yoruz. Daikin klimalar\u0131n\u0131z\u0131n bak\u0131m\u0131, onar\u0131m\u0131 ve kurulumunda sizlere yard\u0131mc\u0131 olmak i\u00e7in buraday\u0131z.<\/p>\n<p><strong>Hizmetlerimiz:<\/strong><\/p>\n<ol>\n<li><strong>Klima Kurulumu:<\/strong> Yeni bir Daikin klima sat\u0131n ald\u0131ysan\u0131z, profesyonel ekibimiz kliman\u0131z\u0131 en uygun \u015fekilde kuracakt\u0131r. Do\u011fru kurulum, kliman\u0131n performans\u0131n\u0131 ve verimlili\u011fini art\u0131r\u0131r.<\/li>\n<li><strong>Periyodik Bak\u0131m:<\/strong> Klimalar\u0131n\u0131z\u0131n d\u00fczenli bak\u0131m\u0131, uzun \u00f6m\u00fcrl\u00fc olmalar\u0131n\u0131 sa\u011flar ve ar\u0131za riskini azalt\u0131r. Bodrum Garanti Teknik olarak, periyodik bak\u0131m programlar\u0131 sunuyoruz ve klimalar\u0131n\u0131z\u0131n her zaman en iyi \u015fekilde \u00e7al\u0131\u015fmas\u0131n\u0131 sa\u011fl\u0131yoruz.<\/li>\n<li><strong>Onar\u0131m ve Servis:<\/strong> Kliman\u0131zda bir sorun oldu\u011funda, h\u0131zl\u0131 ve etkili bir \u015fekilde m\u00fcdahale ediyoruz. Deneyimli teknisyenlerimiz, sorunu tespit eder ve en k\u0131sa s\u00fcrede \u00e7\u00f6z\u00fcm sunar.<\/li>\n<li><strong>Performans \u0130yile\u015ftirme:<\/strong> Eski klima modellerinizin performans\u0131n\u0131 art\u0131rmak i\u00e7in yenileme ve iyile\u015ftirme hizmetleri sunuyoruz. Daha enerji verimli ve etkili bir klima deneyimi i\u00e7in size \u00f6zel \u00e7\u00f6z\u00fcmler sunuyoruz.<\/li>\n<\/ol>\n<p><strong>Neden Bizi Tercih Etmelisiniz?<\/strong><\/p>\n<ul>\n<li><strong>Uzman Ekibimiz:<\/strong> Daikin klimalar konusunda uzmanla\u015fm\u0131\u015f e\u011fitimli teknisyenlerimiz bulunmaktad\u0131r.<\/li>\n<li><strong>H\u0131zl\u0131 Hizmet:<\/strong> Acil durumlarda bile h\u0131zl\u0131 m\u00fcdahale sa\u011fl\u0131yoruz ve sorununuzu en k\u0131sa s\u00fcrede \u00e7\u00f6z\u00fcyoruz.<\/li>\n<li><strong>Orijinal Yedek Par\u00e7alar:<\/strong> Kullan\u0131lan t\u00fcm yedek par\u00e7alar orijinal ve kaliteli markalardan temin edilir.<\/li>\n<li><strong>M\u00fc\u015fteri Memnuniyeti:<\/strong> M\u00fc\u015fteri memnuniyeti bizim i\u00e7in \u00f6nceliktir. Her zaman memnuniyetiniz i\u00e7in \u00e7al\u0131\u015f\u0131r\u0131z.<\/li>\n<\/ul>\n<p>Bodrum Garanti Teknik olarak, Daikin klimalar\u0131n\u0131z\u0131n <a href=\"http:\/\/google.com.tr\">bak\u0131m\u0131,<\/a> onar\u0131m\u0131 ve kurulumunda size en iyi hizmeti sunmak i\u00e7in buraday\u0131z. Size sadece bir telefon kadar yak\u0131n\u0131z!<\/p>\n<p><strong>\u0130leti\u015fim Bilgilerimiz:<\/strong><\/p>\n<p><strong>Telefon:<\/strong> <a href=\"tel:02525020048\">0252 502 00 48<\/a><\/p>\n<p><strong>E-posta:<\/strong> <a target=\"_new\" rel=\"noreferrer noopener\">info@bodrumgarantiteknik.com.tr<\/a><\/p>\n","protected":false},"excerpt":{"rendered":"<p>Bodrum Daikin Klima Servisi 0252 502 00 48 Bodrum Daikin Klima Servisi 0252 502 00 48 Bodrum Garanti Teknik: Daikin Klima Servisi Bodrum Garanti Teknik [&hellip;]<\/p>\n","protected":false},"author":1,"featured_media":0,"parent":344,"menu_order":11,"comment_status":"closed","ping_status":"closed","template":"","meta":{"footnotes":""},"class_list":["post-810","page","type-page","status-publish","hentry"],"yoast_head":"<!-- This site is optimized with the Yoast SEO plugin v27.4 - https:\/\/yoast.com\/product\/yoast-seo-wordpress\/ -->\n<title>Bodrum Daikin Klima Servisi 0252 502 00 48 - Bodrum Garanti Teknik 0252 502 00 48<\/title>\n<meta name=\"description\" content=\"Bodrum Daikin Klima Servisi 0252 502 00 48 Daikin Klima Ar\u0131za Bak\u0131m Montaj ve Demontaj Hizmeti Sunuyoruz 2. El ve S\u0131f\u0131r Klima Sat\u0131\u015f\u0131m\u0131z Var\" \/>\n<meta name=\"robots\" content=\"index, follow, max-snippet:-1, max-image-preview:large, max-video-preview:-1\" \/>\n<link rel=\"canonical\" href=\"https:\/\/bodrumgarantiteknik.com.tr\/index.php\/bodrum-klima-servisi-0252-502-00-48\/bodrum-daikin-klima-servisi-0252-502-00-48\/\" \/>\n<meta property=\"og:locale\" content=\"tr_TR\" \/>\n<meta property=\"og:type\" content=\"article\" \/>\n<meta property=\"og:title\" content=\"Bodrum Daikin Klima Servisi 0252 502 00 48 - Bodrum Garanti Teknik 0252 502 00 48\" \/>\n<meta property=\"og:description\" content=\"Bodrum Daikin Klima Servisi 0252 502 00 48 Daikin Klima Ar\u0131za Bak\u0131m Montaj ve Demontaj Hizmeti Sunuyoruz 2. El ve S\u0131f\u0131r Klima Sat\u0131\u015f\u0131m\u0131z Var\" \/>\n<meta property=\"og:url\" content=\"https:\/\/bodrumgarantiteknik.com.tr\/index.php\/bodrum-klima-servisi-0252-502-00-48\/bodrum-daikin-klima-servisi-0252-502-00-48\/\" \/>\n<meta property=\"og:site_name\" content=\"Bodrum Garanti Teknik 0252 502 00 48\" \/>\n<meta property=\"og:image\" content=\"https:\/\/bodrumgarantiteknik.com.tr\/wp-content\/uploads\/2024\/05\/Bodrum-Daikin-Klima-Servisi.jpg\" \/>\n<meta name=\"twitter:card\" content=\"summary_large_image\" \/>\n<meta name=\"twitter:label1\" content=\"Tahmini okuma s\u00fcresi\" \/>\n\t<meta name=\"twitter:data1\" content=\"2 dakika\" \/>\n<script type=\"application\/ld+json\" class=\"yoast-schema-graph\">{\"@context\":\"https:\\\/\\\/schema.org\",\"@graph\":[{\"@type\":\"WebPage\",\"@id\":\"https:\\\/\\\/bodrumgarantiteknik.com.tr\\\/index.php\\\/bodrum-klima-servisi-0252-502-00-48\\\/bodrum-daikin-klima-servisi-0252-502-00-48\\\/\",\"url\":\"https:\\\/\\\/bodrumgarantiteknik.com.tr\\\/index.php\\\/bodrum-klima-servisi-0252-502-00-48\\\/bodrum-daikin-klima-servisi-0252-502-00-48\\\/\",\"name\":\"Bodrum Daikin Klima Servisi 0252 502 00 48 - Bodrum Garanti Teknik 0252 502 00 48\",\"isPartOf\":{\"@id\":\"https:\\\/\\\/bodrumgarantiteknik.com.tr\\\/#website\"},\"primaryImageOfPage\":{\"@id\":\"https:\\\/\\\/bodrumgarantiteknik.com.tr\\\/index.php\\\/bodrum-klima-servisi-0252-502-00-48\\\/bodrum-daikin-klima-servisi-0252-502-00-48\\\/#primaryimage\"},\"image\":{\"@id\":\"https:\\\/\\\/bodrumgarantiteknik.com.tr\\\/index.php\\\/bodrum-klima-servisi-0252-502-00-48\\\/bodrum-daikin-klima-servisi-0252-502-00-48\\\/#primaryimage\"},\"thumbnailUrl\":\"https:\\\/\\\/bodrumgarantiteknik.com.tr\\\/wp-content\\\/uploads\\\/2024\\\/05\\\/Bodrum-Daikin-Klima-Servisi.jpg\",\"datePublished\":\"2024-05-15T14:06:51+00:00\",\"description\":\"Bodrum Daikin Klima Servisi 0252 502 00 48 Daikin Klima Ar\u0131za Bak\u0131m Montaj ve Demontaj Hizmeti Sunuyoruz 2. El ve S\u0131f\u0131r Klima Sat\u0131\u015f\u0131m\u0131z Var\",\"breadcrumb\":{\"@id\":\"https:\\\/\\\/bodrumgarantiteknik.com.tr\\\/index.php\\\/bodrum-klima-servisi-0252-502-00-48\\\/bodrum-daikin-klima-servisi-0252-502-00-48\\\/#breadcrumb\"},\"inLanguage\":\"tr\",\"potentialAction\":[{\"@type\":\"ReadAction\",\"target\":[\"https:\\\/\\\/bodrumgarantiteknik.com.tr\\\/index.php\\\/bodrum-klima-servisi-0252-502-00-48\\\/bodrum-daikin-klima-servisi-0252-502-00-48\\\/\"]}]},{\"@type\":\"ImageObject\",\"inLanguage\":\"tr\",\"@id\":\"https:\\\/\\\/bodrumgarantiteknik.com.tr\\\/index.php\\\/bodrum-klima-servisi-0252-502-00-48\\\/bodrum-daikin-klima-servisi-0252-502-00-48\\\/#primaryimage\",\"url\":\"https:\\\/\\\/bodrumgarantiteknik.com.tr\\\/wp-content\\\/uploads\\\/2024\\\/05\\\/Bodrum-Daikin-Klima-Servisi.jpg\",\"contentUrl\":\"https:\\\/\\\/bodrumgarantiteknik.com.tr\\\/wp-content\\\/uploads\\\/2024\\\/05\\\/Bodrum-Daikin-Klima-Servisi.jpg\",\"width\":568,\"height\":333,\"caption\":\"Bodrum Daikin Klima Servisi\"},{\"@type\":\"BreadcrumbList\",\"@id\":\"https:\\\/\\\/bodrumgarantiteknik.com.tr\\\/index.php\\\/bodrum-klima-servisi-0252-502-00-48\\\/bodrum-daikin-klima-servisi-0252-502-00-48\\\/#breadcrumb\",\"itemListElement\":[{\"@type\":\"ListItem\",\"position\":1,\"name\":\"Anasayfa\",\"item\":\"https:\\\/\\\/bodrumgarantiteknik.com.tr\\\/\"},{\"@type\":\"ListItem\",\"position\":2,\"name\":\"Bodrum Klima Servisi 0252 502 00 48\",\"item\":\"https:\\\/\\\/bodrumgarantiteknik.com.tr\\\/index.php\\\/bodrum-klima-servisi-0252-502-00-48\\\/\"},{\"@type\":\"ListItem\",\"position\":3,\"name\":\"Bodrum Daikin Klima Servisi 0252 502 00 48\"}]},{\"@type\":\"WebSite\",\"@id\":\"https:\\\/\\\/bodrumgarantiteknik.com.tr\\\/#website\",\"url\":\"https:\\\/\\\/bodrumgarantiteknik.com.tr\\\/\",\"name\":\"Bodrum Garanti Teknik 0252 502 00 48\",\"description\":\"Beyaz E\u015fya ve Klima Servisi\",\"potentialAction\":[{\"@type\":\"SearchAction\",\"target\":{\"@type\":\"EntryPoint\",\"urlTemplate\":\"https:\\\/\\\/bodrumgarantiteknik.com.tr\\\/?s={search_term_string}\"},\"query-input\":{\"@type\":\"PropertyValueSpecification\",\"valueRequired\":true,\"valueName\":\"search_term_string\"}}],\"inLanguage\":\"tr\"}]}<\/script>\n<!-- \/ Yoast SEO plugin. -->","yoast_head_json":{"title":"Bodrum Daikin Klima Servisi 0252 502 00 48 - Bodrum Garanti Teknik 0252 502 00 48","description":"Bodrum Daikin Klima Servisi 0252 502 00 48 Daikin Klima Ar\u0131za Bak\u0131m Montaj ve Demontaj Hizmeti Sunuyoruz 2. El ve S\u0131f\u0131r Klima Sat\u0131\u015f\u0131m\u0131z Var","robots":{"index":"index","follow":"follow","max-snippet":"max-snippet:-1","max-image-preview":"max-image-preview:large","max-video-preview":"max-video-preview:-1"},"canonical":"https:\/\/bodrumgarantiteknik.com.tr\/index.php\/bodrum-klima-servisi-0252-502-00-48\/bodrum-daikin-klima-servisi-0252-502-00-48\/","og_locale":"tr_TR","og_type":"article","og_title":"Bodrum Daikin Klima Servisi 0252 502 00 48 - Bodrum Garanti Teknik 0252 502 00 48","og_description":"Bodrum Daikin Klima Servisi 0252 502 00 48 Daikin Klima Ar\u0131za Bak\u0131m Montaj ve Demontaj Hizmeti Sunuyoruz 2. El ve S\u0131f\u0131r Klima Sat\u0131\u015f\u0131m\u0131z Var","og_url":"https:\/\/bodrumgarantiteknik.com.tr\/index.php\/bodrum-klima-servisi-0252-502-00-48\/bodrum-daikin-klima-servisi-0252-502-00-48\/","og_site_name":"Bodrum Garanti Teknik 0252 502 00 48","og_image":[{"url":"https:\/\/bodrumgarantiteknik.com.tr\/wp-content\/uploads\/2024\/05\/Bodrum-Daikin-Klima-Servisi.jpg","type":"","width":"","height":""}],"twitter_card":"summary_large_image","twitter_misc":{"Tahmini okuma s\u00fcresi":"2 dakika"},"schema":{"@context":"https:\/\/schema.org","@graph":[{"@type":"WebPage","@id":"https:\/\/bodrumgarantiteknik.com.tr\/index.php\/bodrum-klima-servisi-0252-502-00-48\/bodrum-daikin-klima-servisi-0252-502-00-48\/","url":"https:\/\/bodrumgarantiteknik.com.tr\/index.php\/bodrum-klima-servisi-0252-502-00-48\/bodrum-daikin-klima-servisi-0252-502-00-48\/","name":"Bodrum Daikin Klima Servisi 0252 502 00 48 - Bodrum Garanti Teknik 0252 502 00 48","isPartOf":{"@id":"https:\/\/bodrumgarantiteknik.com.tr\/#website"},"primaryImageOfPage":{"@id":"https:\/\/bodrumgarantiteknik.com.tr\/index.php\/bodrum-klima-servisi-0252-502-00-48\/bodrum-daikin-klima-servisi-0252-502-00-48\/#primaryimage"},"image":{"@id":"https:\/\/bodrumgarantiteknik.com.tr\/index.php\/bodrum-klima-servisi-0252-502-00-48\/bodrum-daikin-klima-servisi-0252-502-00-48\/#primaryimage"},"thumbnailUrl":"https:\/\/bodrumgarantiteknik.com.tr\/wp-content\/uploads\/2024\/05\/Bodrum-Daikin-Klima-Servisi.jpg","datePublished":"2024-05-15T14:06:51+00:00","description":"Bodrum Daikin Klima Servisi 0252 502 00 48 Daikin Klima Ar\u0131za Bak\u0131m Montaj ve Demontaj Hizmeti Sunuyoruz 2. El ve S\u0131f\u0131r Klima Sat\u0131\u015f\u0131m\u0131z Var","breadcrumb":{"@id":"https:\/\/bodrumgarantiteknik.com.tr\/index.php\/bodrum-klima-servisi-0252-502-00-48\/bodrum-daikin-klima-servisi-0252-502-00-48\/#breadcrumb"},"inLanguage":"tr","potentialAction":[{"@type":"ReadAction","target":["https:\/\/bodrumgarantiteknik.com.tr\/index.php\/bodrum-klima-servisi-0252-502-00-48\/bodrum-daikin-klima-servisi-0252-502-00-48\/"]}]},{"@type":"ImageObject","inLanguage":"tr","@id":"https:\/\/bodrumgarantiteknik.com.tr\/index.php\/bodrum-klima-servisi-0252-502-00-48\/bodrum-daikin-klima-servisi-0252-502-00-48\/#primaryimage","url":"https:\/\/bodrumgarantiteknik.com.tr\/wp-content\/uploads\/2024\/05\/Bodrum-Daikin-Klima-Servisi.jpg","contentUrl":"https:\/\/bodrumgarantiteknik.com.tr\/wp-content\/uploads\/2024\/05\/Bodrum-Daikin-Klima-Servisi.jpg","width":568,"height":333,"caption":"Bodrum Daikin Klima Servisi"},{"@type":"BreadcrumbList","@id":"https:\/\/bodrumgarantiteknik.com.tr\/index.php\/bodrum-klima-servisi-0252-502-00-48\/bodrum-daikin-klima-servisi-0252-502-00-48\/#breadcrumb","itemListElement":[{"@type":"ListItem","position":1,"name":"Anasayfa","item":"https:\/\/bodrumgarantiteknik.com.tr\/"},{"@type":"ListItem","position":2,"name":"Bodrum Klima Servisi 0252 502 00 48","item":"https:\/\/bodrumgarantiteknik.com.tr\/index.php\/bodrum-klima-servisi-0252-502-00-48\/"},{"@type":"ListItem","position":3,"name":"Bodrum Daikin Klima Servisi 0252 502 00 48"}]},{"@type":"WebSite","@id":"https:\/\/bodrumgarantiteknik.com.tr\/#website","url":"https:\/\/bodrumgarantiteknik.com.tr\/","name":"Bodrum Garanti Teknik 0252 502 00 48","description":"Beyaz E\u015fya ve Klima Servisi","potentialAction":[{"@type":"SearchAction","target":{"@type":"EntryPoint","urlTemplate":"https:\/\/bodrumgarantiteknik.com.tr\/?s={search_term_string}"},"query-input":{"@type":"PropertyValueSpecification","valueRequired":true,"valueName":"search_term_string"}}],"inLanguage":"tr"}]}},"_links":{"self":[{"href":"https:\/\/bodrumgarantiteknik.com.tr\/index.php\/wp-json\/wp\/v2\/pages\/810","targetHints":{"allow":["GET"]}}],"collection":[{"href":"https:\/\/bodrumgarantiteknik.com.tr\/index.php\/wp-json\/wp\/v2\/pages"}],"about":[{"href":"https:\/\/bodrumgarantiteknik.com.tr\/index.php\/wp-json\/wp\/v2\/types\/page"}],"author":[{"embeddable":true,"href":"https:\/\/bodrumgarantiteknik.com.tr\/index.php\/wp-json\/wp\/v2\/users\/1"}],"replies":[{"embeddable":true,"href":"https:\/\/bodrumgarantiteknik.com.tr\/index.php\/wp-json\/wp\/v2\/comments?post=810"}],"version-history":[{"count":1,"href":"https:\/\/bodrumgarantiteknik.com.tr\/index.php\/wp-json\/wp\/v2\/pages\/810\/revisions"}],"predecessor-version":[{"id":812,"href":"https:\/\/bodrumgarantiteknik.com.tr\/index.php\/wp-json\/wp\/v2\/pages\/810\/revisions\/812"}],"up":[{"embeddable":true,"href":"https:\/\/bodrumgarantiteknik.com.tr\/index.php\/wp-json\/wp\/v2\/pages\/344"}],"wp:attachment":[{"href":"https:\/\/bodrumgarantiteknik.com.tr\/index.php\/wp-json\/wp\/v2\/media?parent=810"}],"curies":[{"name":"wp","href":"https:\/\/api.w.org\/{rel}","templated":true}]}}