{"id":888,"date":"2024-05-16T01:31:12","date_gmt":"2024-05-16T01:31:12","guid":{"rendered":"https:\/\/bodrumgarantiteknik.com.tr\/?page_id=888"},"modified":"2024-05-16T14:52:10","modified_gmt":"2024-05-16T14:52:10","slug":"bodrum-chiller-servisi-0252-502-00-48","status":"publish","type":"page","link":"https:\/\/bodrumgarantiteknik.com.tr\/index.php\/bodrum-endustriyel-isitma-ve-sogutma-servisi-0252-502-00-48\/bodrum-chiller-servisi-0252-502-00-48\/","title":{"rendered":"Bodrum Chiller Servisi 0252 502 00 48"},"content":{"rendered":"\t\t<div data-elementor-type=\"wp-page\" data-elementor-id=\"888\" class=\"elementor elementor-888\">\n\t\t\t\t<div class=\"elementor-element elementor-element-7e51444e e-flex e-con-boxed e-con e-parent\" data-id=\"7e51444e\" data-element_type=\"container\" data-e-type=\"container\">\n\t\t\t\t\t<div class=\"e-con-inner\">\n\t\t\t\t<div class=\"elementor-element elementor-element-42a9fc0 elementor-widget elementor-widget-text-editor\" data-id=\"42a9fc0\" data-element_type=\"widget\" data-e-type=\"widget\" data-widget_type=\"text-editor.default\">\n\t\t\t\t<div class=\"elementor-widget-container\">\n\t\t\t\t\t\t\t\t\t<h1>Bodrum Chiller Servisi 0252 502 00 48<\/h1><p><img fetchpriority=\"high\" decoding=\"async\" class=\"alignnone size-full wp-image-885\" src=\"https:\/\/bodrumgarantiteknik.com.tr\/wp-content\/uploads\/2024\/05\/Bodrum-Chiller-Servisi.jpg\" alt=\"Bodrum Chiller Servisi\" width=\"1200\" height=\"628\" srcset=\"https:\/\/bodrumgarantiteknik.com.tr\/wp-content\/uploads\/2024\/05\/Bodrum-Chiller-Servisi.jpg 1200w, https:\/\/bodrumgarantiteknik.com.tr\/wp-content\/uploads\/2024\/05\/Bodrum-Chiller-Servisi-300x157.jpg 300w, https:\/\/bodrumgarantiteknik.com.tr\/wp-content\/uploads\/2024\/05\/Bodrum-Chiller-Servisi-1024x536.jpg 1024w, https:\/\/bodrumgarantiteknik.com.tr\/wp-content\/uploads\/2024\/05\/Bodrum-Chiller-Servisi-768x402.jpg 768w, https:\/\/bodrumgarantiteknik.com.tr\/wp-content\/uploads\/2024\/05\/Bodrum-Chiller-Servisi-1000x523.jpg 1000w, https:\/\/bodrumgarantiteknik.com.tr\/wp-content\/uploads\/2024\/05\/Bodrum-Chiller-Servisi-230x120.jpg 230w, https:\/\/bodrumgarantiteknik.com.tr\/wp-content\/uploads\/2024\/05\/Bodrum-Chiller-Servisi-350x183.jpg 350w, https:\/\/bodrumgarantiteknik.com.tr\/wp-content\/uploads\/2024\/05\/Bodrum-Chiller-Servisi-480x251.jpg 480w\" sizes=\"(max-width: 1200px) 100vw, 1200px\" \/><\/p><p>\u00a0<\/p><p><strong>Bodrum Garanti Teknik Chiller Servisi:<\/strong><\/p><div class=\"w-full text-token-text-primary\" dir=\"auto\" data-testid=\"conversation-turn-2\" data-scroll-anchor=\"false\"><div class=\"py-2 juice:py-[18px] px-3 text-base md:px-4 m-auto md:px-5 lg:px-1 xl:px-5\"><div class=\"mx-auto flex flex-1 gap-3 text-base juice:gap-4 juice:md:gap-6 md:max-w-3xl lg:max-w-[40rem] xl:max-w-[48rem]\"><div class=\"group\/conversation-turn relative flex w-full min-w-0 flex-col\"><div class=\"flex-col gap-1 md:gap-3\"><div class=\"flex flex-grow flex-col max-w-full\"><div class=\"min-h-[20px] text-message flex flex-col items-start whitespace-pre-wrap break-words [.text-message+&amp;]:mt-5 juice:w-full juice:items-end overflow-x-auto gap-2\" dir=\"auto\" data-message-author-role=\"user\" data-message-id=\"aaa2dae7-5ec7-414d-a4bc-4e0cbd95cf5b\"><div class=\"flex w-full flex-col gap-1 juice:empty:hidden items-end rtl:items-start\">\u00a0<\/div><\/div><\/div><\/div><\/div><\/div><\/div><\/div><div class=\"w-full text-token-text-primary\" dir=\"auto\" data-testid=\"conversation-turn-3\" data-scroll-anchor=\"true\"><div class=\"py-2 juice:py-[18px] px-3 text-base md:px-4 m-auto md:px-5 lg:px-1 xl:px-5\"><div class=\"mx-auto flex flex-1 gap-3 text-base juice:gap-4 juice:md:gap-6 md:max-w-3xl lg:max-w-[40rem] xl:max-w-[48rem]\"><div class=\"flex-shrink-0 flex flex-col relative items-end\"><div><div class=\"pt-0.5\"><div class=\"gizmo-bot-avatar flex h-6 w-6 items-center justify-center overflow-hidden rounded-full juice:h-8 juice:w-8\"><div class=\"relative p-1 rounded-sm flex items-center justify-center bg-token-main-surface-primary text-token-text-primary h-8 w-8\"><\/div><\/div><\/div><\/div><\/div><\/div><\/div><\/div><\/div><\/div><\/div><\/div><\/div> <a href=\"https:\/\/bodrumgarantiteknik.com.tr\/index.php\/bodrum-endustriyel-isitma-ve-sogutma-servisi-0252-502-00-48\/bodrum-chiller-servisi-0252-502-00-48\/#more-888\" class=\"more-link elementor-more-link\"><span aria-label=\"Okumaya devam et Bodrum Chiller Servisi 0252 502 00 48\">(daha&amp;helliip;)<\/span><\/a>","protected":false},"excerpt":{"rendered":"<p>Bodrum Chiller Servisi 0252 502 00 48 \u00a0 Bodrum Garanti Teknik Chiller Servisi: \u00a0<\/p>\n","protected":false},"author":1,"featured_media":0,"parent":883,"menu_order":1,"comment_status":"closed","ping_status":"closed","template":"page-templates\/page_front-page.php","meta":{"footnotes":""},"class_list":["post-888","page","type-page","status-publish","hentry"],"yoast_head":"<!-- This site is optimized with the Yoast SEO plugin v27.4 - https:\/\/yoast.com\/product\/yoast-seo-wordpress\/ -->\n<title>Bodrum Chiller Servisi 0252 502 00 48 - Bodrum Garanti Teknik 0252 502 00 48<\/title>\n<meta name=\"description\" content=\"Bodrum Chiller Servisi 0252 502 00 48 Bodrum&#039;da so\u011futma grubunun bak\u0131m\u0131, onar\u0131m\u0131 ve servisi konusunda bir firma olarak hizmet vermekteyiz.\" \/>\n<meta name=\"robots\" content=\"index, follow, max-snippet:-1, max-image-preview:large, max-video-preview:-1\" \/>\n<link rel=\"canonical\" href=\"https:\/\/bodrumgarantiteknik.com.tr\/index.php\/bodrum-endustriyel-isitma-ve-sogutma-servisi-0252-502-00-48\/bodrum-chiller-servisi-0252-502-00-48\/\" \/>\n<meta property=\"og:locale\" content=\"tr_TR\" \/>\n<meta property=\"og:type\" content=\"article\" \/>\n<meta property=\"og:title\" content=\"Bodrum Chiller Servisi 0252 502 00 48 - Bodrum Garanti Teknik 0252 502 00 48\" \/>\n<meta property=\"og:description\" content=\"Bodrum Chiller Servisi 0252 502 00 48 Bodrum&#039;da so\u011futma grubunun bak\u0131m\u0131, onar\u0131m\u0131 ve servisi konusunda bir firma olarak hizmet vermekteyiz.\" \/>\n<meta property=\"og:url\" content=\"https:\/\/bodrumgarantiteknik.com.tr\/index.php\/bodrum-endustriyel-isitma-ve-sogutma-servisi-0252-502-00-48\/bodrum-chiller-servisi-0252-502-00-48\/\" \/>\n<meta property=\"og:site_name\" content=\"Bodrum Garanti Teknik 0252 502 00 48\" \/>\n<meta property=\"article:modified_time\" content=\"2024-05-16T14:52:10+00:00\" \/>\n<meta property=\"og:image\" content=\"https:\/\/bodrumgarantiteknik.com.tr\/wp-content\/uploads\/2024\/05\/Bodrum-Chiller-Servisi.jpg\" \/>\n<meta name=\"twitter:card\" content=\"summary_large_image\" \/>\n<meta name=\"twitter:label1\" content=\"Tahmini okuma s\u00fcresi\" \/>\n\t<meta name=\"twitter:data1\" content=\"8 dakika\" \/>\n<script type=\"application\/ld+json\" class=\"yoast-schema-graph\">{\"@context\":\"https:\\\/\\\/schema.org\",\"@graph\":[{\"@type\":\"WebPage\",\"@id\":\"https:\\\/\\\/bodrumgarantiteknik.com.tr\\\/index.php\\\/bodrum-endustriyel-isitma-ve-sogutma-servisi-0252-502-00-48\\\/bodrum-chiller-servisi-0252-502-00-48\\\/\",\"url\":\"https:\\\/\\\/bodrumgarantiteknik.com.tr\\\/index.php\\\/bodrum-endustriyel-isitma-ve-sogutma-servisi-0252-502-00-48\\\/bodrum-chiller-servisi-0252-502-00-48\\\/\",\"name\":\"Bodrum Chiller Servisi 0252 502 00 48 - Bodrum Garanti Teknik 0252 502 00 48\",\"isPartOf\":{\"@id\":\"https:\\\/\\\/bodrumgarantiteknik.com.tr\\\/#website\"},\"primaryImageOfPage\":{\"@id\":\"https:\\\/\\\/bodrumgarantiteknik.com.tr\\\/index.php\\\/bodrum-endustriyel-isitma-ve-sogutma-servisi-0252-502-00-48\\\/bodrum-chiller-servisi-0252-502-00-48\\\/#primaryimage\"},\"image\":{\"@id\":\"https:\\\/\\\/bodrumgarantiteknik.com.tr\\\/index.php\\\/bodrum-endustriyel-isitma-ve-sogutma-servisi-0252-502-00-48\\\/bodrum-chiller-servisi-0252-502-00-48\\\/#primaryimage\"},\"thumbnailUrl\":\"https:\\\/\\\/bodrumgarantiteknik.com.tr\\\/wp-content\\\/uploads\\\/2024\\\/05\\\/Bodrum-Chiller-Servisi.jpg\",\"datePublished\":\"2024-05-16T01:31:12+00:00\",\"dateModified\":\"2024-05-16T14:52:10+00:00\",\"description\":\"Bodrum Chiller Servisi 0252 502 00 48 Bodrum'da so\u011futma grubunun bak\u0131m\u0131, onar\u0131m\u0131 ve servisi konusunda bir firma olarak hizmet vermekteyiz.\",\"breadcrumb\":{\"@id\":\"https:\\\/\\\/bodrumgarantiteknik.com.tr\\\/index.php\\\/bodrum-endustriyel-isitma-ve-sogutma-servisi-0252-502-00-48\\\/bodrum-chiller-servisi-0252-502-00-48\\\/#breadcrumb\"},\"inLanguage\":\"tr\",\"potentialAction\":[{\"@type\":\"ReadAction\",\"target\":[\"https:\\\/\\\/bodrumgarantiteknik.com.tr\\\/index.php\\\/bodrum-endustriyel-isitma-ve-sogutma-servisi-0252-502-00-48\\\/bodrum-chiller-servisi-0252-502-00-48\\\/\"]}]},{\"@type\":\"ImageObject\",\"inLanguage\":\"tr\",\"@id\":\"https:\\\/\\\/bodrumgarantiteknik.com.tr\\\/index.php\\\/bodrum-endustriyel-isitma-ve-sogutma-servisi-0252-502-00-48\\\/bodrum-chiller-servisi-0252-502-00-48\\\/#primaryimage\",\"url\":\"https:\\\/\\\/bodrumgarantiteknik.com.tr\\\/wp-content\\\/uploads\\\/2024\\\/05\\\/Bodrum-Chiller-Servisi.jpg\",\"contentUrl\":\"https:\\\/\\\/bodrumgarantiteknik.com.tr\\\/wp-content\\\/uploads\\\/2024\\\/05\\\/Bodrum-Chiller-Servisi.jpg\",\"width\":1200,\"height\":628,\"caption\":\"Bodrum Chiller Servisi\"},{\"@type\":\"BreadcrumbList\",\"@id\":\"https:\\\/\\\/bodrumgarantiteknik.com.tr\\\/index.php\\\/bodrum-endustriyel-isitma-ve-sogutma-servisi-0252-502-00-48\\\/bodrum-chiller-servisi-0252-502-00-48\\\/#breadcrumb\",\"itemListElement\":[{\"@type\":\"ListItem\",\"position\":1,\"name\":\"Anasayfa\",\"item\":\"https:\\\/\\\/bodrumgarantiteknik.com.tr\\\/\"},{\"@type\":\"ListItem\",\"position\":2,\"name\":\"Bodrum End\u00fcstriyel Is\u0131tma ve So\u011futma Servisi 0252 502 00 48\",\"item\":\"https:\\\/\\\/bodrumgarantiteknik.com.tr\\\/index.php\\\/bodrum-endustriyel-isitma-ve-sogutma-servisi-0252-502-00-48\\\/\"},{\"@type\":\"ListItem\",\"position\":3,\"name\":\"Bodrum Chiller Servisi 0252 502 00 48\"}]},{\"@type\":\"WebSite\",\"@id\":\"https:\\\/\\\/bodrumgarantiteknik.com.tr\\\/#website\",\"url\":\"https:\\\/\\\/bodrumgarantiteknik.com.tr\\\/\",\"name\":\"Bodrum Garanti Teknik 0252 502 00 48\",\"description\":\"Beyaz E\u015fya ve Klima Servisi\",\"potentialAction\":[{\"@type\":\"SearchAction\",\"target\":{\"@type\":\"EntryPoint\",\"urlTemplate\":\"https:\\\/\\\/bodrumgarantiteknik.com.tr\\\/?s={search_term_string}\"},\"query-input\":{\"@type\":\"PropertyValueSpecification\",\"valueRequired\":true,\"valueName\":\"search_term_string\"}}],\"inLanguage\":\"tr\"}]}<\/script>\n<!-- \/ Yoast SEO plugin. -->","yoast_head_json":{"title":"Bodrum Chiller Servisi 0252 502 00 48 - Bodrum Garanti Teknik 0252 502 00 48","description":"Bodrum Chiller Servisi 0252 502 00 48 Bodrum'da so\u011futma grubunun bak\u0131m\u0131, onar\u0131m\u0131 ve servisi konusunda bir firma olarak hizmet vermekteyiz.","robots":{"index":"index","follow":"follow","max-snippet":"max-snippet:-1","max-image-preview":"max-image-preview:large","max-video-preview":"max-video-preview:-1"},"canonical":"https:\/\/bodrumgarantiteknik.com.tr\/index.php\/bodrum-endustriyel-isitma-ve-sogutma-servisi-0252-502-00-48\/bodrum-chiller-servisi-0252-502-00-48\/","og_locale":"tr_TR","og_type":"article","og_title":"Bodrum Chiller Servisi 0252 502 00 48 - Bodrum Garanti Teknik 0252 502 00 48","og_description":"Bodrum Chiller Servisi 0252 502 00 48 Bodrum'da so\u011futma grubunun bak\u0131m\u0131, onar\u0131m\u0131 ve servisi konusunda bir firma olarak hizmet vermekteyiz.","og_url":"https:\/\/bodrumgarantiteknik.com.tr\/index.php\/bodrum-endustriyel-isitma-ve-sogutma-servisi-0252-502-00-48\/bodrum-chiller-servisi-0252-502-00-48\/","og_site_name":"Bodrum Garanti Teknik 0252 502 00 48","article_modified_time":"2024-05-16T14:52:10+00:00","og_image":[{"url":"https:\/\/bodrumgarantiteknik.com.tr\/wp-content\/uploads\/2024\/05\/Bodrum-Chiller-Servisi.jpg","type":"","width":"","height":""}],"twitter_card":"summary_large_image","twitter_misc":{"Tahmini okuma s\u00fcresi":"8 dakika"},"schema":{"@context":"https:\/\/schema.org","@graph":[{"@type":"WebPage","@id":"https:\/\/bodrumgarantiteknik.com.tr\/index.php\/bodrum-endustriyel-isitma-ve-sogutma-servisi-0252-502-00-48\/bodrum-chiller-servisi-0252-502-00-48\/","url":"https:\/\/bodrumgarantiteknik.com.tr\/index.php\/bodrum-endustriyel-isitma-ve-sogutma-servisi-0252-502-00-48\/bodrum-chiller-servisi-0252-502-00-48\/","name":"Bodrum Chiller Servisi 0252 502 00 48 - Bodrum Garanti Teknik 0252 502 00 48","isPartOf":{"@id":"https:\/\/bodrumgarantiteknik.com.tr\/#website"},"primaryImageOfPage":{"@id":"https:\/\/bodrumgarantiteknik.com.tr\/index.php\/bodrum-endustriyel-isitma-ve-sogutma-servisi-0252-502-00-48\/bodrum-chiller-servisi-0252-502-00-48\/#primaryimage"},"image":{"@id":"https:\/\/bodrumgarantiteknik.com.tr\/index.php\/bodrum-endustriyel-isitma-ve-sogutma-servisi-0252-502-00-48\/bodrum-chiller-servisi-0252-502-00-48\/#primaryimage"},"thumbnailUrl":"https:\/\/bodrumgarantiteknik.com.tr\/wp-content\/uploads\/2024\/05\/Bodrum-Chiller-Servisi.jpg","datePublished":"2024-05-16T01:31:12+00:00","dateModified":"2024-05-16T14:52:10+00:00","description":"Bodrum Chiller Servisi 0252 502 00 48 Bodrum'da so\u011futma grubunun bak\u0131m\u0131, onar\u0131m\u0131 ve servisi konusunda bir firma olarak hizmet vermekteyiz.","breadcrumb":{"@id":"https:\/\/bodrumgarantiteknik.com.tr\/index.php\/bodrum-endustriyel-isitma-ve-sogutma-servisi-0252-502-00-48\/bodrum-chiller-servisi-0252-502-00-48\/#breadcrumb"},"inLanguage":"tr","potentialAction":[{"@type":"ReadAction","target":["https:\/\/bodrumgarantiteknik.com.tr\/index.php\/bodrum-endustriyel-isitma-ve-sogutma-servisi-0252-502-00-48\/bodrum-chiller-servisi-0252-502-00-48\/"]}]},{"@type":"ImageObject","inLanguage":"tr","@id":"https:\/\/bodrumgarantiteknik.com.tr\/index.php\/bodrum-endustriyel-isitma-ve-sogutma-servisi-0252-502-00-48\/bodrum-chiller-servisi-0252-502-00-48\/#primaryimage","url":"https:\/\/bodrumgarantiteknik.com.tr\/wp-content\/uploads\/2024\/05\/Bodrum-Chiller-Servisi.jpg","contentUrl":"https:\/\/bodrumgarantiteknik.com.tr\/wp-content\/uploads\/2024\/05\/Bodrum-Chiller-Servisi.jpg","width":1200,"height":628,"caption":"Bodrum Chiller Servisi"},{"@type":"BreadcrumbList","@id":"https:\/\/bodrumgarantiteknik.com.tr\/index.php\/bodrum-endustriyel-isitma-ve-sogutma-servisi-0252-502-00-48\/bodrum-chiller-servisi-0252-502-00-48\/#breadcrumb","itemListElement":[{"@type":"ListItem","position":1,"name":"Anasayfa","item":"https:\/\/bodrumgarantiteknik.com.tr\/"},{"@type":"ListItem","position":2,"name":"Bodrum End\u00fcstriyel Is\u0131tma ve So\u011futma Servisi 0252 502 00 48","item":"https:\/\/bodrumgarantiteknik.com.tr\/index.php\/bodrum-endustriyel-isitma-ve-sogutma-servisi-0252-502-00-48\/"},{"@type":"ListItem","position":3,"name":"Bodrum Chiller Servisi 0252 502 00 48"}]},{"@type":"WebSite","@id":"https:\/\/bodrumgarantiteknik.com.tr\/#website","url":"https:\/\/bodrumgarantiteknik.com.tr\/","name":"Bodrum Garanti Teknik 0252 502 00 48","description":"Beyaz E\u015fya ve Klima Servisi","potentialAction":[{"@type":"SearchAction","target":{"@type":"EntryPoint","urlTemplate":"https:\/\/bodrumgarantiteknik.com.tr\/?s={search_term_string}"},"query-input":{"@type":"PropertyValueSpecification","valueRequired":true,"valueName":"search_term_string"}}],"inLanguage":"tr"}]}},"_links":{"self":[{"href":"https:\/\/bodrumgarantiteknik.com.tr\/index.php\/wp-json\/wp\/v2\/pages\/888","targetHints":{"allow":["GET"]}}],"collection":[{"href":"https:\/\/bodrumgarantiteknik.com.tr\/index.php\/wp-json\/wp\/v2\/pages"}],"about":[{"href":"https:\/\/bodrumgarantiteknik.com.tr\/index.php\/wp-json\/wp\/v2\/types\/page"}],"author":[{"embeddable":true,"href":"https:\/\/bodrumgarantiteknik.com.tr\/index.php\/wp-json\/wp\/v2\/users\/1"}],"replies":[{"embeddable":true,"href":"https:\/\/bodrumgarantiteknik.com.tr\/index.php\/wp-json\/wp\/v2\/comments?post=888"}],"version-history":[{"count":16,"href":"https:\/\/bodrumgarantiteknik.com.tr\/index.php\/wp-json\/wp\/v2\/pages\/888\/revisions"}],"predecessor-version":[{"id":1042,"href":"https:\/\/bodrumgarantiteknik.com.tr\/index.php\/wp-json\/wp\/v2\/pages\/888\/revisions\/1042"}],"up":[{"embeddable":true,"href":"https:\/\/bodrumgarantiteknik.com.tr\/index.php\/wp-json\/wp\/v2\/pages\/883"}],"wp:attachment":[{"href":"https:\/\/bodrumgarantiteknik.com.tr\/index.php\/wp-json\/wp\/v2\/media?parent=888"}],"curies":[{"name":"wp","href":"https:\/\/api.w.org\/{rel}","templated":true}]}}