{"id":941,"date":"2024-05-16T09:48:41","date_gmt":"2024-05-16T09:48:41","guid":{"rendered":"https:\/\/bodrumgarantiteknik.com.tr\/?page_id=941"},"modified":"2024-05-16T09:48:41","modified_gmt":"2024-05-16T09:48:41","slug":"bodrum-sutluk-tamir-servisi-0252-502-00-48","status":"publish","type":"page","link":"https:\/\/bodrumgarantiteknik.com.tr\/index.php\/bodrum-endustriyel-isitma-ve-sogutma-servisi-0252-502-00-48\/bodrum-sutluk-tamir-servisi-0252-502-00-48\/","title":{"rendered":"Bodrum S\u00fctl\u00fck Tamir Servisi 0252 502 00 48"},"content":{"rendered":"<h1>Bodrum S\u00fctl\u00fck Tamir Servisi 0252 502 00 48<\/h1>\n<p><img fetchpriority=\"high\" decoding=\"async\" class=\"alignnone size-full wp-image-944\" src=\"https:\/\/bodrumgarantiteknik.com.tr\/wp-content\/uploads\/2024\/05\/Bodrum-Sutluk-Sarkuteri-Dolabi-Servisi.jpg\" alt=\"Bodrum S\u00fctl\u00fck \u015eark\u00fcteri Dolab\u0131 Servisi\" width=\"1020\" height=\"300\" srcset=\"https:\/\/bodrumgarantiteknik.com.tr\/wp-content\/uploads\/2024\/05\/Bodrum-Sutluk-Sarkuteri-Dolabi-Servisi.jpg 1020w, https:\/\/bodrumgarantiteknik.com.tr\/wp-content\/uploads\/2024\/05\/Bodrum-Sutluk-Sarkuteri-Dolabi-Servisi-300x88.jpg 300w, https:\/\/bodrumgarantiteknik.com.tr\/wp-content\/uploads\/2024\/05\/Bodrum-Sutluk-Sarkuteri-Dolabi-Servisi-768x226.jpg 768w, https:\/\/bodrumgarantiteknik.com.tr\/wp-content\/uploads\/2024\/05\/Bodrum-Sutluk-Sarkuteri-Dolabi-Servisi-1000x294.jpg 1000w, https:\/\/bodrumgarantiteknik.com.tr\/wp-content\/uploads\/2024\/05\/Bodrum-Sutluk-Sarkuteri-Dolabi-Servisi-230x68.jpg 230w, https:\/\/bodrumgarantiteknik.com.tr\/wp-content\/uploads\/2024\/05\/Bodrum-Sutluk-Sarkuteri-Dolabi-Servisi-350x103.jpg 350w, https:\/\/bodrumgarantiteknik.com.tr\/wp-content\/uploads\/2024\/05\/Bodrum-Sutluk-Sarkuteri-Dolabi-Servisi-480x141.jpg 480w\" sizes=\"(max-width: 1020px) 100vw, 1020px\" \/><\/p>\n<p><!--more--><\/p>\n<p><strong>Bodrum S\u00fctl\u00fck Tamir Servisi: G\u00fcvenilir \u00c7\u00f6z\u00fcmler, Profesyonel Hizmet<\/strong><\/p>\n<hr \/>\n<p><i><b>S\u00fctl\u00fck Dolaplar\u0131\u00a0<\/b><\/i>k\u00fc\u00e7\u00fck ve b\u00fcy\u00fck i\u015fletmeler dahil olmak \u00fczere bir \u00e7ok alanda kullan\u0131lan g\u0131da \u00fcr\u00fcnlarini muhafaza eden cihazlard\u0131r. Bu alanlarda kullan\u0131lan Ticari Anlamda b\u00fcy\u00fck \u00f6nem ta\u015f\u0131yan <i><b>S\u00fctl\u00fck<\/b><\/i>\u00a0<i><b>Buzdolab\u0131\u00a0<\/b><\/i>sekt\u00f6rde\u00a0<i><b>Servis\u00a0<\/b><\/i>ihtiyac\u0131 do\u011furmu\u015ftur. Bu sebeple yola \u00e7\u0131kan firmam\u0131z <i><b>S\u00fctl\u00fck Servisi\u00a0<\/b><\/i>olarak Sekt\u00f6rde Liderli\u011fini korumaktad\u0131r. Gerekli Tecr\u00fcbe Ve Donan\u0131ma Sahip Firmam\u0131z <i><b>S\u00fctl\u00fck Servisi<\/b><\/i> olarak En \u0130yi Hizmeti vermektedir. Yaz aylar\u0131nda S\u0131cakl\u0131klar\u0131n artmas\u0131 nedeniyle olu\u015fan ar\u0131zalar i\u015fletmeler i\u00e7in b\u00fcy\u00fck maddi zararlara neden olmaktad\u0131r. Bu t\u00fcr ar\u0131za ve maddi kay\u0131plar\u0131n \u00f6n\u00fcne ge\u00e7mek i\u00e7in<i><b>\u00a0S\u00fctl\u00fck Servisi\u00a0<\/b><\/i><b>\u00c7a\u011fr\u0131 Merkezimizi<\/b>\u00a0<b>0252 502 00 48<\/b>\u00a0Arayarak Servis Talebinde Bulunabilirsiniz.<\/p>\n<p><i><b>S\u00fctl\u00fck Dolab\u0131n\u0131za<\/b><\/i> En H\u0131zl\u0131 \u015eekilde M\u00fcdahale edilip Ar\u0131zan\u0131n kayna\u011f\u0131 tespit edilerek sizlere bilgi verilecektir. Sorunun kayna\u011f\u0131 \u00e7\u00f6z\u00fcl\u00fcp i\u015flerinizi aksatmadan \u00e7al\u0131\u015f\u0131r \u015fekilde teslim edilecektir. T\u00fcm i\u015flemlerimizde &#8220;\u015eeffal\u0131k&#8221; \u0130lkemizle Sizlere Hizmet Vermekteyiz.<\/p>\n<p>%100 Memnuniyet Garantisi \u0130le G\u00fcl\u00fcmseyen M\u00fc\u015fteri P\u00f6rtf\u00f6y\u00fcm\u00fcze Kat\u0131lm\u0131\u015f Olarak Bizleri Daha \u0130leriye Ta\u015f\u0131yarak Sizlere Daha \u0130yi Hizmetler Vermek \u0130\u00e7in \u00c7al\u0131\u015fmay\u0131 \u0130lke Edinmi\u015f Bir \u015eekilde\u00a0<a href=\"https:\/\/bodrumgarantiteknik.com.tr\/index.php\/bodrum-endustriyel-isitma-ve-sogutma-servisi-0252-502-00-48\/\"><i><b>S\u00fctl\u00fck Servisi\u00a0<\/b><\/i><\/a>Hizmetimize Devam Edece\u011fiz..<\/p>\n<h4>Profesyonel Kadro ve G\u00fcvenilir Hizmet<\/h4>\n<p>Bodrum S\u00fctl\u00fck Tamir Servisi, uzun y\u0131llara dayanan tecr\u00fcbesi ve uzman kadrosuyla beyaz e\u015fya tamiri konusunda \u00f6nc\u00fc bir kurulu\u015ftur. Her t\u00fcrl\u00fc s\u00fctl\u00fck tamiri, bak\u0131m\u0131 ve yedek par\u00e7a temini konusunda profesyonel \u00e7\u00f6z\u00fcmler sunar. Deneyimli teknisyenler, en karma\u015f\u0131k sorunlar\u0131 bile h\u0131zl\u0131 ve etkili bir \u015fekilde \u00e7\u00f6zerler.<\/p>\n<h4>H\u0131zl\u0131 ve Etkili Hizmet<\/h4>\n<p>S\u00fctl\u00fck Tamir Servisi, m\u00fc\u015fteri memnuniyetini \u00f6n planda tutarak h\u0131zl\u0131 ve etkili hizmet sunar. Ar\u0131za durumunda hemen harekete ge\u00e7en mobil ekipleri, adresinize gelerek sorunu yerinde tespit eder ve gerekli onar\u0131mlar\u0131 yaparlar. B\u00f6ylece ya\u015fam\u0131 kesintisiz bir \u015fekilde devam ettirebilirsiniz.<\/p>\n<h4>Kaliteli Yedek Par\u00e7a Temini<\/h4>\n<p>S\u00fctl\u00fcklerin tamirinde kullan\u0131lan yedek par\u00e7alar\u0131n kalitesi, cihaz\u0131n uzun \u00f6m\u00fcrl\u00fc olmas\u0131 i\u00e7in son derece \u00f6nemlidir. S\u00fctl\u00fck Tamir Servisi, orijinal yedek par\u00e7a temini konusunda g\u00fcvendi\u011finiz bir adres olup, kaliteli ve dayan\u0131kl\u0131 par\u00e7alar kullanarak tamir i\u015flemlerini ger\u00e7ekle\u015ftirir.<\/p>\n<h4>M\u00fc\u015fteri Odakl\u0131 Yakla\u015f\u0131m<\/h4>\n<p>S\u00fctl\u00fck Tamir Servisi, m\u00fc\u015fterilerine samimi ve yard\u0131msever bir yakla\u015f\u0131mla hizmet verir. Sorunlar\u0131n\u0131z\u0131 anlay\u0131\u015fla kar\u015f\u0131lar, \u00e7\u00f6z\u00fcm odakl\u0131 bir \u015fekilde hareket eder ve tamir s\u00fcrecini sizin i\u00e7in en az stresli hale getirir. Her ad\u0131mda sizin memnuniyetiniz \u00f6n plandad\u0131r.<\/p>\n<h4>G\u00fcvenilir ve Ekonomik \u00c7\u00f6z\u00fcmler<\/h4>\n<p>S\u00fctl\u00fck Tamir Servisi, g\u00fcvenilir ve ekonomik \u00e7\u00f6z\u00fcmleriyle<a href=\"http:\/\/google.com.tr\"> de<\/a> dikkat \u00e7eker. Fiyatland\u0131rma konusunda \u015feffaf bir politika izler ve m\u00fc\u015fterilerine adil fiyatlar sunar. B\u00f6ylece kaliteli hizmeti uygun maliyetlerle alabilirsiniz.<\/p>\n<p>Bodrum&#8217;da s\u00fctl\u00fck tamiri ve bak\u0131m\u0131 konusunda g\u00fcvenilir bir adres ar\u0131yorsan\u0131z, S\u00fctl\u00fck Tamir Servisi sizin i\u00e7in do\u011fru tercih olabilir. Profesyonel kadrosu, h\u0131zl\u0131 hizmeti ve m\u00fc\u015fteri odakl\u0131 yakla\u015f\u0131m\u0131yla, s\u00fct makinelerinizin sorunsuz bir \u015fekilde \u00e7al\u0131\u015fmas\u0131n\u0131 sa\u011flar.<\/p>\n<p><strong>\u0130leti\u015fim Bilgilerimiz: <\/strong><\/p>\n<p><strong>Telefon:<\/strong>\u00a0<a href=\"tel:02525020048\">0252 502 00 48<\/a><\/p>\n<p><strong>E-posta:<\/strong>\u00a0<a target=\"_new\" rel=\"noreferrer noopener\">info@bodrumgarantiteknik.com.tr<\/a><\/p>\n<p>&nbsp;<\/p>\n","protected":false},"excerpt":{"rendered":"<p>Bodrum S\u00fctl\u00fck Tamir Servisi 0252 502 00 48<\/p>\n","protected":false},"author":1,"featured_media":0,"parent":883,"menu_order":7,"comment_status":"closed","ping_status":"closed","template":"","meta":{"footnotes":""},"class_list":["post-941","page","type-page","status-publish","hentry"],"yoast_head":"<!-- This site is optimized with the Yoast SEO plugin v27.4 - https:\/\/yoast.com\/product\/yoast-seo-wordpress\/ -->\n<title>Bodrum S\u00fctl\u00fck Tamir Servisi 0252 502 00 48 - Bodrum Garanti Teknik 0252 502 00 48<\/title>\n<meta name=\"description\" content=\"Bodrum S\u00fctl\u00fck Tamir Servisi 0252 502 00 48 Gerekli Tecr\u00fcbe Ve Donan\u0131ma Sahip Firmam\u0131z S\u00fctl\u00fck Servisi olarak En \u0130yi Hizmeti vermektedir.\" \/>\n<meta name=\"robots\" content=\"index, follow, max-snippet:-1, max-image-preview:large, max-video-preview:-1\" \/>\n<link rel=\"canonical\" href=\"https:\/\/bodrumgarantiteknik.com.tr\/index.php\/bodrum-endustriyel-isitma-ve-sogutma-servisi-0252-502-00-48\/bodrum-sutluk-tamir-servisi-0252-502-00-48\/\" \/>\n<meta property=\"og:locale\" content=\"tr_TR\" \/>\n<meta property=\"og:type\" content=\"article\" \/>\n<meta property=\"og:title\" content=\"Bodrum S\u00fctl\u00fck Tamir Servisi 0252 502 00 48 - Bodrum Garanti Teknik 0252 502 00 48\" \/>\n<meta property=\"og:description\" content=\"Bodrum S\u00fctl\u00fck Tamir Servisi 0252 502 00 48 Gerekli Tecr\u00fcbe Ve Donan\u0131ma Sahip Firmam\u0131z S\u00fctl\u00fck Servisi olarak En \u0130yi Hizmeti vermektedir.\" \/>\n<meta property=\"og:url\" content=\"https:\/\/bodrumgarantiteknik.com.tr\/index.php\/bodrum-endustriyel-isitma-ve-sogutma-servisi-0252-502-00-48\/bodrum-sutluk-tamir-servisi-0252-502-00-48\/\" \/>\n<meta property=\"og:site_name\" content=\"Bodrum Garanti Teknik 0252 502 00 48\" \/>\n<meta property=\"og:image\" content=\"https:\/\/bodrumgarantiteknik.com.tr\/wp-content\/uploads\/2024\/05\/Bodrum-Sutluk-Sarkuteri-Dolabi-Servisi.jpg\" \/>\n<meta name=\"twitter:card\" content=\"summary_large_image\" \/>\n<meta name=\"twitter:label1\" content=\"Tahmini okuma s\u00fcresi\" \/>\n\t<meta name=\"twitter:data1\" content=\"3 dakika\" \/>\n<script type=\"application\/ld+json\" class=\"yoast-schema-graph\">{\"@context\":\"https:\\\/\\\/schema.org\",\"@graph\":[{\"@type\":\"WebPage\",\"@id\":\"https:\\\/\\\/bodrumgarantiteknik.com.tr\\\/index.php\\\/bodrum-endustriyel-isitma-ve-sogutma-servisi-0252-502-00-48\\\/bodrum-sutluk-tamir-servisi-0252-502-00-48\\\/\",\"url\":\"https:\\\/\\\/bodrumgarantiteknik.com.tr\\\/index.php\\\/bodrum-endustriyel-isitma-ve-sogutma-servisi-0252-502-00-48\\\/bodrum-sutluk-tamir-servisi-0252-502-00-48\\\/\",\"name\":\"Bodrum S\u00fctl\u00fck Tamir Servisi 0252 502 00 48 - Bodrum Garanti Teknik 0252 502 00 48\",\"isPartOf\":{\"@id\":\"https:\\\/\\\/bodrumgarantiteknik.com.tr\\\/#website\"},\"primaryImageOfPage\":{\"@id\":\"https:\\\/\\\/bodrumgarantiteknik.com.tr\\\/index.php\\\/bodrum-endustriyel-isitma-ve-sogutma-servisi-0252-502-00-48\\\/bodrum-sutluk-tamir-servisi-0252-502-00-48\\\/#primaryimage\"},\"image\":{\"@id\":\"https:\\\/\\\/bodrumgarantiteknik.com.tr\\\/index.php\\\/bodrum-endustriyel-isitma-ve-sogutma-servisi-0252-502-00-48\\\/bodrum-sutluk-tamir-servisi-0252-502-00-48\\\/#primaryimage\"},\"thumbnailUrl\":\"https:\\\/\\\/bodrumgarantiteknik.com.tr\\\/wp-content\\\/uploads\\\/2024\\\/05\\\/Bodrum-Sutluk-Sarkuteri-Dolabi-Servisi.jpg\",\"datePublished\":\"2024-05-16T09:48:41+00:00\",\"description\":\"Bodrum S\u00fctl\u00fck Tamir Servisi 0252 502 00 48 Gerekli Tecr\u00fcbe Ve Donan\u0131ma Sahip Firmam\u0131z S\u00fctl\u00fck Servisi olarak En \u0130yi Hizmeti vermektedir.\",\"breadcrumb\":{\"@id\":\"https:\\\/\\\/bodrumgarantiteknik.com.tr\\\/index.php\\\/bodrum-endustriyel-isitma-ve-sogutma-servisi-0252-502-00-48\\\/bodrum-sutluk-tamir-servisi-0252-502-00-48\\\/#breadcrumb\"},\"inLanguage\":\"tr\",\"potentialAction\":[{\"@type\":\"ReadAction\",\"target\":[\"https:\\\/\\\/bodrumgarantiteknik.com.tr\\\/index.php\\\/bodrum-endustriyel-isitma-ve-sogutma-servisi-0252-502-00-48\\\/bodrum-sutluk-tamir-servisi-0252-502-00-48\\\/\"]}]},{\"@type\":\"ImageObject\",\"inLanguage\":\"tr\",\"@id\":\"https:\\\/\\\/bodrumgarantiteknik.com.tr\\\/index.php\\\/bodrum-endustriyel-isitma-ve-sogutma-servisi-0252-502-00-48\\\/bodrum-sutluk-tamir-servisi-0252-502-00-48\\\/#primaryimage\",\"url\":\"https:\\\/\\\/bodrumgarantiteknik.com.tr\\\/wp-content\\\/uploads\\\/2024\\\/05\\\/Bodrum-Sutluk-Sarkuteri-Dolabi-Servisi.jpg\",\"contentUrl\":\"https:\\\/\\\/bodrumgarantiteknik.com.tr\\\/wp-content\\\/uploads\\\/2024\\\/05\\\/Bodrum-Sutluk-Sarkuteri-Dolabi-Servisi.jpg\",\"width\":1020,\"height\":300,\"caption\":\"Bodrum S\u00fctl\u00fck \u015eark\u00fcteri Dolab\u0131 Servisi\"},{\"@type\":\"BreadcrumbList\",\"@id\":\"https:\\\/\\\/bodrumgarantiteknik.com.tr\\\/index.php\\\/bodrum-endustriyel-isitma-ve-sogutma-servisi-0252-502-00-48\\\/bodrum-sutluk-tamir-servisi-0252-502-00-48\\\/#breadcrumb\",\"itemListElement\":[{\"@type\":\"ListItem\",\"position\":1,\"name\":\"Anasayfa\",\"item\":\"https:\\\/\\\/bodrumgarantiteknik.com.tr\\\/\"},{\"@type\":\"ListItem\",\"position\":2,\"name\":\"Bodrum End\u00fcstriyel Is\u0131tma ve So\u011futma Servisi 0252 502 00 48\",\"item\":\"https:\\\/\\\/bodrumgarantiteknik.com.tr\\\/index.php\\\/bodrum-endustriyel-isitma-ve-sogutma-servisi-0252-502-00-48\\\/\"},{\"@type\":\"ListItem\",\"position\":3,\"name\":\"Bodrum S\u00fctl\u00fck Tamir Servisi 0252 502 00 48\"}]},{\"@type\":\"WebSite\",\"@id\":\"https:\\\/\\\/bodrumgarantiteknik.com.tr\\\/#website\",\"url\":\"https:\\\/\\\/bodrumgarantiteknik.com.tr\\\/\",\"name\":\"Bodrum Garanti Teknik 0252 502 00 48\",\"description\":\"Beyaz E\u015fya ve Klima Servisi\",\"potentialAction\":[{\"@type\":\"SearchAction\",\"target\":{\"@type\":\"EntryPoint\",\"urlTemplate\":\"https:\\\/\\\/bodrumgarantiteknik.com.tr\\\/?s={search_term_string}\"},\"query-input\":{\"@type\":\"PropertyValueSpecification\",\"valueRequired\":true,\"valueName\":\"search_term_string\"}}],\"inLanguage\":\"tr\"}]}<\/script>\n<!-- \/ Yoast SEO plugin. -->","yoast_head_json":{"title":"Bodrum S\u00fctl\u00fck Tamir Servisi 0252 502 00 48 - Bodrum Garanti Teknik 0252 502 00 48","description":"Bodrum S\u00fctl\u00fck Tamir Servisi 0252 502 00 48 Gerekli Tecr\u00fcbe Ve Donan\u0131ma Sahip Firmam\u0131z S\u00fctl\u00fck Servisi olarak En \u0130yi Hizmeti vermektedir.","robots":{"index":"index","follow":"follow","max-snippet":"max-snippet:-1","max-image-preview":"max-image-preview:large","max-video-preview":"max-video-preview:-1"},"canonical":"https:\/\/bodrumgarantiteknik.com.tr\/index.php\/bodrum-endustriyel-isitma-ve-sogutma-servisi-0252-502-00-48\/bodrum-sutluk-tamir-servisi-0252-502-00-48\/","og_locale":"tr_TR","og_type":"article","og_title":"Bodrum S\u00fctl\u00fck Tamir Servisi 0252 502 00 48 - Bodrum Garanti Teknik 0252 502 00 48","og_description":"Bodrum S\u00fctl\u00fck Tamir Servisi 0252 502 00 48 Gerekli Tecr\u00fcbe Ve Donan\u0131ma Sahip Firmam\u0131z S\u00fctl\u00fck Servisi olarak En \u0130yi Hizmeti vermektedir.","og_url":"https:\/\/bodrumgarantiteknik.com.tr\/index.php\/bodrum-endustriyel-isitma-ve-sogutma-servisi-0252-502-00-48\/bodrum-sutluk-tamir-servisi-0252-502-00-48\/","og_site_name":"Bodrum Garanti Teknik 0252 502 00 48","og_image":[{"url":"https:\/\/bodrumgarantiteknik.com.tr\/wp-content\/uploads\/2024\/05\/Bodrum-Sutluk-Sarkuteri-Dolabi-Servisi.jpg","type":"","width":"","height":""}],"twitter_card":"summary_large_image","twitter_misc":{"Tahmini okuma s\u00fcresi":"3 dakika"},"schema":{"@context":"https:\/\/schema.org","@graph":[{"@type":"WebPage","@id":"https:\/\/bodrumgarantiteknik.com.tr\/index.php\/bodrum-endustriyel-isitma-ve-sogutma-servisi-0252-502-00-48\/bodrum-sutluk-tamir-servisi-0252-502-00-48\/","url":"https:\/\/bodrumgarantiteknik.com.tr\/index.php\/bodrum-endustriyel-isitma-ve-sogutma-servisi-0252-502-00-48\/bodrum-sutluk-tamir-servisi-0252-502-00-48\/","name":"Bodrum S\u00fctl\u00fck Tamir Servisi 0252 502 00 48 - Bodrum Garanti Teknik 0252 502 00 48","isPartOf":{"@id":"https:\/\/bodrumgarantiteknik.com.tr\/#website"},"primaryImageOfPage":{"@id":"https:\/\/bodrumgarantiteknik.com.tr\/index.php\/bodrum-endustriyel-isitma-ve-sogutma-servisi-0252-502-00-48\/bodrum-sutluk-tamir-servisi-0252-502-00-48\/#primaryimage"},"image":{"@id":"https:\/\/bodrumgarantiteknik.com.tr\/index.php\/bodrum-endustriyel-isitma-ve-sogutma-servisi-0252-502-00-48\/bodrum-sutluk-tamir-servisi-0252-502-00-48\/#primaryimage"},"thumbnailUrl":"https:\/\/bodrumgarantiteknik.com.tr\/wp-content\/uploads\/2024\/05\/Bodrum-Sutluk-Sarkuteri-Dolabi-Servisi.jpg","datePublished":"2024-05-16T09:48:41+00:00","description":"Bodrum S\u00fctl\u00fck Tamir Servisi 0252 502 00 48 Gerekli Tecr\u00fcbe Ve Donan\u0131ma Sahip Firmam\u0131z S\u00fctl\u00fck Servisi olarak En \u0130yi Hizmeti vermektedir.","breadcrumb":{"@id":"https:\/\/bodrumgarantiteknik.com.tr\/index.php\/bodrum-endustriyel-isitma-ve-sogutma-servisi-0252-502-00-48\/bodrum-sutluk-tamir-servisi-0252-502-00-48\/#breadcrumb"},"inLanguage":"tr","potentialAction":[{"@type":"ReadAction","target":["https:\/\/bodrumgarantiteknik.com.tr\/index.php\/bodrum-endustriyel-isitma-ve-sogutma-servisi-0252-502-00-48\/bodrum-sutluk-tamir-servisi-0252-502-00-48\/"]}]},{"@type":"ImageObject","inLanguage":"tr","@id":"https:\/\/bodrumgarantiteknik.com.tr\/index.php\/bodrum-endustriyel-isitma-ve-sogutma-servisi-0252-502-00-48\/bodrum-sutluk-tamir-servisi-0252-502-00-48\/#primaryimage","url":"https:\/\/bodrumgarantiteknik.com.tr\/wp-content\/uploads\/2024\/05\/Bodrum-Sutluk-Sarkuteri-Dolabi-Servisi.jpg","contentUrl":"https:\/\/bodrumgarantiteknik.com.tr\/wp-content\/uploads\/2024\/05\/Bodrum-Sutluk-Sarkuteri-Dolabi-Servisi.jpg","width":1020,"height":300,"caption":"Bodrum S\u00fctl\u00fck \u015eark\u00fcteri Dolab\u0131 Servisi"},{"@type":"BreadcrumbList","@id":"https:\/\/bodrumgarantiteknik.com.tr\/index.php\/bodrum-endustriyel-isitma-ve-sogutma-servisi-0252-502-00-48\/bodrum-sutluk-tamir-servisi-0252-502-00-48\/#breadcrumb","itemListElement":[{"@type":"ListItem","position":1,"name":"Anasayfa","item":"https:\/\/bodrumgarantiteknik.com.tr\/"},{"@type":"ListItem","position":2,"name":"Bodrum End\u00fcstriyel Is\u0131tma ve So\u011futma Servisi 0252 502 00 48","item":"https:\/\/bodrumgarantiteknik.com.tr\/index.php\/bodrum-endustriyel-isitma-ve-sogutma-servisi-0252-502-00-48\/"},{"@type":"ListItem","position":3,"name":"Bodrum S\u00fctl\u00fck Tamir Servisi 0252 502 00 48"}]},{"@type":"WebSite","@id":"https:\/\/bodrumgarantiteknik.com.tr\/#website","url":"https:\/\/bodrumgarantiteknik.com.tr\/","name":"Bodrum Garanti Teknik 0252 502 00 48","description":"Beyaz E\u015fya ve Klima Servisi","potentialAction":[{"@type":"SearchAction","target":{"@type":"EntryPoint","urlTemplate":"https:\/\/bodrumgarantiteknik.com.tr\/?s={search_term_string}"},"query-input":{"@type":"PropertyValueSpecification","valueRequired":true,"valueName":"search_term_string"}}],"inLanguage":"tr"}]}},"_links":{"self":[{"href":"https:\/\/bodrumgarantiteknik.com.tr\/index.php\/wp-json\/wp\/v2\/pages\/941","targetHints":{"allow":["GET"]}}],"collection":[{"href":"https:\/\/bodrumgarantiteknik.com.tr\/index.php\/wp-json\/wp\/v2\/pages"}],"about":[{"href":"https:\/\/bodrumgarantiteknik.com.tr\/index.php\/wp-json\/wp\/v2\/types\/page"}],"author":[{"embeddable":true,"href":"https:\/\/bodrumgarantiteknik.com.tr\/index.php\/wp-json\/wp\/v2\/users\/1"}],"replies":[{"embeddable":true,"href":"https:\/\/bodrumgarantiteknik.com.tr\/index.php\/wp-json\/wp\/v2\/comments?post=941"}],"version-history":[{"count":1,"href":"https:\/\/bodrumgarantiteknik.com.tr\/index.php\/wp-json\/wp\/v2\/pages\/941\/revisions"}],"predecessor-version":[{"id":946,"href":"https:\/\/bodrumgarantiteknik.com.tr\/index.php\/wp-json\/wp\/v2\/pages\/941\/revisions\/946"}],"up":[{"embeddable":true,"href":"https:\/\/bodrumgarantiteknik.com.tr\/index.php\/wp-json\/wp\/v2\/pages\/883"}],"wp:attachment":[{"href":"https:\/\/bodrumgarantiteknik.com.tr\/index.php\/wp-json\/wp\/v2\/media?parent=941"}],"curies":[{"name":"wp","href":"https:\/\/api.w.org\/{rel}","templated":true}]}}