{"id":956,"date":"2024-05-16T10:20:16","date_gmt":"2024-05-16T10:20:16","guid":{"rendered":"https:\/\/bodrumgarantiteknik.com.tr\/?page_id=956"},"modified":"2024-05-16T10:20:16","modified_gmt":"2024-05-16T10:20:16","slug":"bodrum-kasap-dolabi-tamir-servisi-0252-502-00-48","status":"publish","type":"page","link":"https:\/\/bodrumgarantiteknik.com.tr\/index.php\/bodrum-endustriyel-isitma-ve-sogutma-servisi-0252-502-00-48\/bodrum-kasap-dolabi-tamir-servisi-0252-502-00-48\/","title":{"rendered":"Bodrum Kasap Dolab\u0131 Tamir Servisi 0252 502 00 48"},"content":{"rendered":"<h1>Bodrum Kasap Dolab\u0131 Tamir Servisi 0252 502 00 48<\/h1>\n<p><img fetchpriority=\"high\" decoding=\"async\" class=\"size-full wp-image-957 aligncenter\" src=\"https:\/\/bodrumgarantiteknik.com.tr\/wp-content\/uploads\/2024\/05\/Bodrum-Kasap-ve-Sarkuteri-Dolabi-Tamir-Servisi.jpg\" alt=\"Bodrum Kasap ve \u015eark\u00fcteri Dolab\u0131 Tamir Servisi\" width=\"762\" height=\"506\" srcset=\"https:\/\/bodrumgarantiteknik.com.tr\/wp-content\/uploads\/2024\/05\/Bodrum-Kasap-ve-Sarkuteri-Dolabi-Tamir-Servisi.jpg 762w, https:\/\/bodrumgarantiteknik.com.tr\/wp-content\/uploads\/2024\/05\/Bodrum-Kasap-ve-Sarkuteri-Dolabi-Tamir-Servisi-300x199.jpg 300w, https:\/\/bodrumgarantiteknik.com.tr\/wp-content\/uploads\/2024\/05\/Bodrum-Kasap-ve-Sarkuteri-Dolabi-Tamir-Servisi-230x153.jpg 230w, https:\/\/bodrumgarantiteknik.com.tr\/wp-content\/uploads\/2024\/05\/Bodrum-Kasap-ve-Sarkuteri-Dolabi-Tamir-Servisi-350x232.jpg 350w, https:\/\/bodrumgarantiteknik.com.tr\/wp-content\/uploads\/2024\/05\/Bodrum-Kasap-ve-Sarkuteri-Dolabi-Tamir-Servisi-480x319.jpg 480w\" sizes=\"(max-width: 762px) 100vw, 762px\" \/><\/p>\n<p><strong>Bodrum Kasap Dolab\u0131 Tamir Servisi: Uzman Ellerde G\u00fcvenilir \u00c7\u00f6z\u00fcmler<\/strong><\/p>\n<hr \/>\n<p>Kasap Dolab\u0131; Kasaplar, S\u00fcpermarketler, Marketler, Restaurantlar Ba\u015fta olmak \u00fczere kullan\u0131m\u0131 olduk\u00e7a yayg\u0131n cihazlard\u0131r. Kasap Dolaplar\u0131 \u0130\u015fletmeler i\u00e7in vazge\u00e7ilmez bir ihtiya\u00e7t\u0131r. Bu ihtiya\u00e7tan do\u011fan sekt\u00f6rde dikey ve yatay olarak hizmet alanlar\u0131 faaliyet g\u00f6stermektedir. Bu alanlar\u0131n en ba\u015f\u0131nda <i><b>Kasap Dolab\u0131 Tamiri\u00a0<\/b><\/i>yer almaktad\u0131r. Firmam\u0131z <i><b>End\u00fcstriyel Dolaplar\u00a0<\/b><\/i>Alan\u0131nda Kendini kan\u0131tlam\u0131\u015ft\u0131r, Gerekli Tecr\u00fcbe ve Donan\u0131ma Sahip, Sekt\u00f6rde Liderli\u011fini S\u00fcrd\u00fcrmektedir. <i><b>Kasap Dolab\u0131 Tamiri\u00a0<\/b><\/i>ihtiyac\u0131n\u0131z oldu\u011funda\u00a0<b>0252 502 00 48<\/b>\u00a0<b>\u00c7a\u011fr\u0131 Merkezimizi<\/b>\u00a0Arayarak Servis Talebinde Bulunabilirsiniz. <a href=\"https:\/\/bodrumgarantiteknik.com.tr\/index.php\/bodrum-endustriyel-isitma-ve-sogutma-servisi-0252-502-00-48\/\"><i><b>Kasap Dolab\u0131 Tamiri <\/b><\/i><\/a>Hizmetimizde Yenilik\u00e7i Anlay\u0131\u015f\u0131m\u0131z ve &#8220;\u015eeffafl\u0131k \u0130lkemiz \u00f6nde olmak \u00fczere sizlere &#8220;En \u0130yi Hizmet ve Kalite&#8221; anlay\u0131\u015f\u0131n\u0131 sunmaktay\u0131z. Bu anlay\u0131\u015fla ilerleyen firmam\u0131zdan Sizde &#8220;Kalite&#8221; Ba\u015fta olmak \u00fczere faydalanabilirsiniz.<\/p>\n<p>Bodrum&#8217;da et ve et \u00fcr\u00fcnleri satan i\u015fletmeler i\u00e7in kasap dolaplar\u0131, g\u00fcnl\u00fck operasyonlar\u0131n ayr\u0131lmaz bir par\u00e7as\u0131d\u0131r. Ancak bu dolaplar zamanla ar\u0131zalanabilir veya bak\u0131m gerektirebilir. \u0130\u015fte bu noktada Bodrum Kasap Dolab\u0131 Tamir Servisi devreye giriyor.<\/p>\n<h4>Deneyimli Teknisyenler, Profesyonel Hizmet<\/h4>\n<p>Bodrum Kasap Dolab\u0131 Tamir Servisi, sekt\u00f6rde uzun y\u0131llara dayanan deneyimi ve uzman teknisyenleriyle kasap dolaplar\u0131n\u0131n tamiri konusunda \u00f6nc\u00fc bir kurulu\u015ftur. Her t\u00fcrl\u00fc marka ve model kasap dolab\u0131n\u0131n onar\u0131m\u0131, bak\u0131m\u0131 ve montaj\u0131 konusunda profesyonel \u00e7\u00f6z\u00fcmler sunar.<\/p>\n<h4>H\u0131zl\u0131 ve Etkili M\u00fcdahale<\/h4>\n<p>Kasap dolaplar\u0131n\u0131n ar\u0131zalanmas\u0131, i\u015fletmenin verimlili\u011fini etkileyebilir ve m\u00fc\u015fteri memnuniyetini olumsuz y\u00f6nde etkileyebilir. Bodrum Kasap Dolab\u0131 Tamir Servisi, h\u0131zl\u0131 m\u00fcdahale ve etkili \u00e7\u00f6z\u00fcmler sunarak i\u015fletmenizin aksamadan \u00e7al\u0131\u015fmas\u0131n\u0131 sa\u011flar.<\/p>\n<h4>Geni\u015f Hizmet Yelpazesi<\/h4>\n<p>Kasap Dolab\u0131 Tamir Servisi, etkin so\u011futma sistemleri ve di\u011fer bile\u015fenlerle ilgili her t\u00fcrl\u00fc ar\u0131zay\u0131 \u00e7\u00f6zebilir. Termostat problemlerinden fan ar\u0131zalar\u0131na, kompres\u00f6r sorunlar\u0131ndan kap\u0131 contas\u0131 de\u011fi\u015fimine kadar geni\u015f bir hizmet yelpazesi sunar.<\/p>\n<h4>Kaliteli Yedek Par\u00e7a Temini<\/h4>\n<p>Kasap dolaplar\u0131n\u0131n tamirinde kullan\u0131lan yedek par\u00e7alar\u0131n kalitesi, dolab\u0131n uzun \u00f6m\u00fcrl\u00fc olmas\u0131 ve sorunsuz \u00e7al\u0131\u015fmas\u0131 i\u00e7in kritiktir. Kasap Dolab\u0131 Tamir Servisi, orijinal yedek par\u00e7a temini konusunda g\u00fcvenilir bir kaynakt\u0131r ve tamir i\u015flemlerinde y\u00fcksek kaliteli par\u00e7alar kullan\u0131r.<\/p>\n<h4>M\u00fc\u015fteri Memnuniyeti Odakl\u0131 Hizmet<\/h4>\n<p>Kasap Dolab\u0131 Tamir Servisi, m\u00fc\u015fteri memnuniyetini her zaman \u00f6n planda tutar. Sorunlar\u0131 h\u0131zl\u0131 ve etkili bir \u015fekilde \u00e7\u00f6zer, i\u015fletmenizin s\u00fcreklili\u011fini sa\u011flamak i\u00e7in gereken ad\u0131mlar\u0131 atar ve m\u00fc\u015fteri taleplerine \u00f6zenle yan\u0131t verir.<\/p>\n<h4>Ekonomik ve Adil Fiyatlar<\/h4>\n<p>Kasap Dolab\u0131 Tamir Servisi, hizmetlerini ekonomik ve adil fiyatlarla sunar. Fiyatland\u0131rma konusunda \u015feffaf bir politika izler ve m\u00fc\u015fterilerine en uygun fiyatlar\u0131 sunarak kaliteli hizmeti ekonomik ko\u015fullarda alman\u0131z\u0131 sa\u011flar.<\/p>\n<p>Bodrum&#8217;da kasap dolaplar\u0131n\u0131zla ilgili herhangi <a href=\"http:\/\/google.com.tr\">bir<\/a> sorunla kar\u015f\u0131la\u015f\u0131rsan\u0131z, Kasap Dolab\u0131 Tamir Servisi sizin i\u00e7in do\u011fru tercih olabilir. Profesyonel kadrosu, h\u0131zl\u0131 hizmeti ve m\u00fc\u015fteri odakl\u0131 yakla\u015f\u0131m\u0131yla, i\u015fletmenizin dolaplar\u0131n\u0131n sorunsuz bir \u015fekilde \u00e7al\u0131\u015fmas\u0131n\u0131 sa\u011flar.<\/p>\n<p><strong>\u0130leti\u015fim Bilgilerimiz:<\/strong><\/p>\n<p><strong>Telefon:\u00a0<\/strong><a href=\"tel:02525020048\">0252 502 00 48<\/a><\/p>\n<p><strong>E-posta:\u00a0<\/strong><a target=\"_new\" rel=\"noreferrer noopener\">info@bodrumgarantiteknik.com.tr<\/a><\/p>\n","protected":false},"excerpt":{"rendered":"<p>Bodrum Kasap Dolab\u0131 Tamir Servisi 0252 502 00 48 Bodrum Kasap Dolab\u0131 Tamir Servisi: Uzman Ellerde G\u00fcvenilir \u00c7\u00f6z\u00fcmler Kasap Dolab\u0131; Kasaplar, S\u00fcpermarketler, Marketler, Restaurantlar Ba\u015fta [&hellip;]<\/p>\n","protected":false},"author":1,"featured_media":0,"parent":883,"menu_order":9,"comment_status":"closed","ping_status":"closed","template":"","meta":{"footnotes":""},"class_list":["post-956","page","type-page","status-publish","hentry"],"yoast_head":"<!-- This site is optimized with the Yoast SEO plugin v27.4 - https:\/\/yoast.com\/product\/yoast-seo-wordpress\/ -->\n<title>Bodrum Kasap Dolab\u0131 Tamir Servisi 0252 502 00 48 - Bodrum Garanti Teknik 0252 502 00 48<\/title>\n<meta name=\"description\" content=\"Bodrum Kasap Dolab\u0131 Tamir Servisi 0252 502 00 48 Kasap Dolab\u0131 Tamiri\u00a0ihtiyac\u0131n\u0131z oldu\u011funda\u00a00252 502 00 48\u00a0\u00c7a\u011fr\u0131 Merkezimizi\u00a0Arayarak\" \/>\n<meta name=\"robots\" content=\"index, follow, max-snippet:-1, max-image-preview:large, max-video-preview:-1\" \/>\n<link rel=\"canonical\" href=\"https:\/\/bodrumgarantiteknik.com.tr\/index.php\/bodrum-endustriyel-isitma-ve-sogutma-servisi-0252-502-00-48\/bodrum-kasap-dolabi-tamir-servisi-0252-502-00-48\/\" \/>\n<meta property=\"og:locale\" content=\"tr_TR\" \/>\n<meta property=\"og:type\" content=\"article\" \/>\n<meta property=\"og:title\" content=\"Bodrum Kasap Dolab\u0131 Tamir Servisi 0252 502 00 48 - Bodrum Garanti Teknik 0252 502 00 48\" \/>\n<meta property=\"og:description\" content=\"Bodrum Kasap Dolab\u0131 Tamir Servisi 0252 502 00 48 Kasap Dolab\u0131 Tamiri\u00a0ihtiyac\u0131n\u0131z oldu\u011funda\u00a00252 502 00 48\u00a0\u00c7a\u011fr\u0131 Merkezimizi\u00a0Arayarak\" \/>\n<meta property=\"og:url\" content=\"https:\/\/bodrumgarantiteknik.com.tr\/index.php\/bodrum-endustriyel-isitma-ve-sogutma-servisi-0252-502-00-48\/bodrum-kasap-dolabi-tamir-servisi-0252-502-00-48\/\" \/>\n<meta property=\"og:site_name\" content=\"Bodrum Garanti Teknik 0252 502 00 48\" \/>\n<meta property=\"og:image\" content=\"https:\/\/bodrumgarantiteknik.com.tr\/wp-content\/uploads\/2024\/05\/Bodrum-Kasap-ve-Sarkuteri-Dolabi-Tamir-Servisi.jpg\" \/>\n<meta name=\"twitter:card\" content=\"summary_large_image\" \/>\n<meta name=\"twitter:label1\" content=\"Tahmini okuma s\u00fcresi\" \/>\n\t<meta name=\"twitter:data1\" content=\"3 dakika\" \/>\n<script type=\"application\/ld+json\" class=\"yoast-schema-graph\">{\"@context\":\"https:\\\/\\\/schema.org\",\"@graph\":[{\"@type\":\"WebPage\",\"@id\":\"https:\\\/\\\/bodrumgarantiteknik.com.tr\\\/index.php\\\/bodrum-endustriyel-isitma-ve-sogutma-servisi-0252-502-00-48\\\/bodrum-kasap-dolabi-tamir-servisi-0252-502-00-48\\\/\",\"url\":\"https:\\\/\\\/bodrumgarantiteknik.com.tr\\\/index.php\\\/bodrum-endustriyel-isitma-ve-sogutma-servisi-0252-502-00-48\\\/bodrum-kasap-dolabi-tamir-servisi-0252-502-00-48\\\/\",\"name\":\"Bodrum Kasap Dolab\u0131 Tamir Servisi 0252 502 00 48 - Bodrum Garanti Teknik 0252 502 00 48\",\"isPartOf\":{\"@id\":\"https:\\\/\\\/bodrumgarantiteknik.com.tr\\\/#website\"},\"primaryImageOfPage\":{\"@id\":\"https:\\\/\\\/bodrumgarantiteknik.com.tr\\\/index.php\\\/bodrum-endustriyel-isitma-ve-sogutma-servisi-0252-502-00-48\\\/bodrum-kasap-dolabi-tamir-servisi-0252-502-00-48\\\/#primaryimage\"},\"image\":{\"@id\":\"https:\\\/\\\/bodrumgarantiteknik.com.tr\\\/index.php\\\/bodrum-endustriyel-isitma-ve-sogutma-servisi-0252-502-00-48\\\/bodrum-kasap-dolabi-tamir-servisi-0252-502-00-48\\\/#primaryimage\"},\"thumbnailUrl\":\"https:\\\/\\\/bodrumgarantiteknik.com.tr\\\/wp-content\\\/uploads\\\/2024\\\/05\\\/Bodrum-Kasap-ve-Sarkuteri-Dolabi-Tamir-Servisi.jpg\",\"datePublished\":\"2024-05-16T10:20:16+00:00\",\"description\":\"Bodrum Kasap Dolab\u0131 Tamir Servisi 0252 502 00 48 Kasap Dolab\u0131 Tamiri\u00a0ihtiyac\u0131n\u0131z oldu\u011funda\u00a00252 502 00 48\u00a0\u00c7a\u011fr\u0131 Merkezimizi\u00a0Arayarak\",\"breadcrumb\":{\"@id\":\"https:\\\/\\\/bodrumgarantiteknik.com.tr\\\/index.php\\\/bodrum-endustriyel-isitma-ve-sogutma-servisi-0252-502-00-48\\\/bodrum-kasap-dolabi-tamir-servisi-0252-502-00-48\\\/#breadcrumb\"},\"inLanguage\":\"tr\",\"potentialAction\":[{\"@type\":\"ReadAction\",\"target\":[\"https:\\\/\\\/bodrumgarantiteknik.com.tr\\\/index.php\\\/bodrum-endustriyel-isitma-ve-sogutma-servisi-0252-502-00-48\\\/bodrum-kasap-dolabi-tamir-servisi-0252-502-00-48\\\/\"]}]},{\"@type\":\"ImageObject\",\"inLanguage\":\"tr\",\"@id\":\"https:\\\/\\\/bodrumgarantiteknik.com.tr\\\/index.php\\\/bodrum-endustriyel-isitma-ve-sogutma-servisi-0252-502-00-48\\\/bodrum-kasap-dolabi-tamir-servisi-0252-502-00-48\\\/#primaryimage\",\"url\":\"https:\\\/\\\/bodrumgarantiteknik.com.tr\\\/wp-content\\\/uploads\\\/2024\\\/05\\\/Bodrum-Kasap-ve-Sarkuteri-Dolabi-Tamir-Servisi.jpg\",\"contentUrl\":\"https:\\\/\\\/bodrumgarantiteknik.com.tr\\\/wp-content\\\/uploads\\\/2024\\\/05\\\/Bodrum-Kasap-ve-Sarkuteri-Dolabi-Tamir-Servisi.jpg\",\"width\":762,\"height\":506,\"caption\":\"Bodrum Kasap ve \u015eark\u00fcteri Dolab\u0131 Tamir Servisi\"},{\"@type\":\"BreadcrumbList\",\"@id\":\"https:\\\/\\\/bodrumgarantiteknik.com.tr\\\/index.php\\\/bodrum-endustriyel-isitma-ve-sogutma-servisi-0252-502-00-48\\\/bodrum-kasap-dolabi-tamir-servisi-0252-502-00-48\\\/#breadcrumb\",\"itemListElement\":[{\"@type\":\"ListItem\",\"position\":1,\"name\":\"Anasayfa\",\"item\":\"https:\\\/\\\/bodrumgarantiteknik.com.tr\\\/\"},{\"@type\":\"ListItem\",\"position\":2,\"name\":\"Bodrum End\u00fcstriyel Is\u0131tma ve So\u011futma Servisi 0252 502 00 48\",\"item\":\"https:\\\/\\\/bodrumgarantiteknik.com.tr\\\/index.php\\\/bodrum-endustriyel-isitma-ve-sogutma-servisi-0252-502-00-48\\\/\"},{\"@type\":\"ListItem\",\"position\":3,\"name\":\"Bodrum Kasap Dolab\u0131 Tamir Servisi 0252 502 00 48\"}]},{\"@type\":\"WebSite\",\"@id\":\"https:\\\/\\\/bodrumgarantiteknik.com.tr\\\/#website\",\"url\":\"https:\\\/\\\/bodrumgarantiteknik.com.tr\\\/\",\"name\":\"Bodrum Garanti Teknik 0252 502 00 48\",\"description\":\"Beyaz E\u015fya ve Klima Servisi\",\"potentialAction\":[{\"@type\":\"SearchAction\",\"target\":{\"@type\":\"EntryPoint\",\"urlTemplate\":\"https:\\\/\\\/bodrumgarantiteknik.com.tr\\\/?s={search_term_string}\"},\"query-input\":{\"@type\":\"PropertyValueSpecification\",\"valueRequired\":true,\"valueName\":\"search_term_string\"}}],\"inLanguage\":\"tr\"}]}<\/script>\n<!-- \/ Yoast SEO plugin. -->","yoast_head_json":{"title":"Bodrum Kasap Dolab\u0131 Tamir Servisi 0252 502 00 48 - Bodrum Garanti Teknik 0252 502 00 48","description":"Bodrum Kasap Dolab\u0131 Tamir Servisi 0252 502 00 48 Kasap Dolab\u0131 Tamiri\u00a0ihtiyac\u0131n\u0131z oldu\u011funda\u00a00252 502 00 48\u00a0\u00c7a\u011fr\u0131 Merkezimizi\u00a0Arayarak","robots":{"index":"index","follow":"follow","max-snippet":"max-snippet:-1","max-image-preview":"max-image-preview:large","max-video-preview":"max-video-preview:-1"},"canonical":"https:\/\/bodrumgarantiteknik.com.tr\/index.php\/bodrum-endustriyel-isitma-ve-sogutma-servisi-0252-502-00-48\/bodrum-kasap-dolabi-tamir-servisi-0252-502-00-48\/","og_locale":"tr_TR","og_type":"article","og_title":"Bodrum Kasap Dolab\u0131 Tamir Servisi 0252 502 00 48 - Bodrum Garanti Teknik 0252 502 00 48","og_description":"Bodrum Kasap Dolab\u0131 Tamir Servisi 0252 502 00 48 Kasap Dolab\u0131 Tamiri\u00a0ihtiyac\u0131n\u0131z oldu\u011funda\u00a00252 502 00 48\u00a0\u00c7a\u011fr\u0131 Merkezimizi\u00a0Arayarak","og_url":"https:\/\/bodrumgarantiteknik.com.tr\/index.php\/bodrum-endustriyel-isitma-ve-sogutma-servisi-0252-502-00-48\/bodrum-kasap-dolabi-tamir-servisi-0252-502-00-48\/","og_site_name":"Bodrum Garanti Teknik 0252 502 00 48","og_image":[{"url":"https:\/\/bodrumgarantiteknik.com.tr\/wp-content\/uploads\/2024\/05\/Bodrum-Kasap-ve-Sarkuteri-Dolabi-Tamir-Servisi.jpg","type":"","width":"","height":""}],"twitter_card":"summary_large_image","twitter_misc":{"Tahmini okuma s\u00fcresi":"3 dakika"},"schema":{"@context":"https:\/\/schema.org","@graph":[{"@type":"WebPage","@id":"https:\/\/bodrumgarantiteknik.com.tr\/index.php\/bodrum-endustriyel-isitma-ve-sogutma-servisi-0252-502-00-48\/bodrum-kasap-dolabi-tamir-servisi-0252-502-00-48\/","url":"https:\/\/bodrumgarantiteknik.com.tr\/index.php\/bodrum-endustriyel-isitma-ve-sogutma-servisi-0252-502-00-48\/bodrum-kasap-dolabi-tamir-servisi-0252-502-00-48\/","name":"Bodrum Kasap Dolab\u0131 Tamir Servisi 0252 502 00 48 - Bodrum Garanti Teknik 0252 502 00 48","isPartOf":{"@id":"https:\/\/bodrumgarantiteknik.com.tr\/#website"},"primaryImageOfPage":{"@id":"https:\/\/bodrumgarantiteknik.com.tr\/index.php\/bodrum-endustriyel-isitma-ve-sogutma-servisi-0252-502-00-48\/bodrum-kasap-dolabi-tamir-servisi-0252-502-00-48\/#primaryimage"},"image":{"@id":"https:\/\/bodrumgarantiteknik.com.tr\/index.php\/bodrum-endustriyel-isitma-ve-sogutma-servisi-0252-502-00-48\/bodrum-kasap-dolabi-tamir-servisi-0252-502-00-48\/#primaryimage"},"thumbnailUrl":"https:\/\/bodrumgarantiteknik.com.tr\/wp-content\/uploads\/2024\/05\/Bodrum-Kasap-ve-Sarkuteri-Dolabi-Tamir-Servisi.jpg","datePublished":"2024-05-16T10:20:16+00:00","description":"Bodrum Kasap Dolab\u0131 Tamir Servisi 0252 502 00 48 Kasap Dolab\u0131 Tamiri\u00a0ihtiyac\u0131n\u0131z oldu\u011funda\u00a00252 502 00 48\u00a0\u00c7a\u011fr\u0131 Merkezimizi\u00a0Arayarak","breadcrumb":{"@id":"https:\/\/bodrumgarantiteknik.com.tr\/index.php\/bodrum-endustriyel-isitma-ve-sogutma-servisi-0252-502-00-48\/bodrum-kasap-dolabi-tamir-servisi-0252-502-00-48\/#breadcrumb"},"inLanguage":"tr","potentialAction":[{"@type":"ReadAction","target":["https:\/\/bodrumgarantiteknik.com.tr\/index.php\/bodrum-endustriyel-isitma-ve-sogutma-servisi-0252-502-00-48\/bodrum-kasap-dolabi-tamir-servisi-0252-502-00-48\/"]}]},{"@type":"ImageObject","inLanguage":"tr","@id":"https:\/\/bodrumgarantiteknik.com.tr\/index.php\/bodrum-endustriyel-isitma-ve-sogutma-servisi-0252-502-00-48\/bodrum-kasap-dolabi-tamir-servisi-0252-502-00-48\/#primaryimage","url":"https:\/\/bodrumgarantiteknik.com.tr\/wp-content\/uploads\/2024\/05\/Bodrum-Kasap-ve-Sarkuteri-Dolabi-Tamir-Servisi.jpg","contentUrl":"https:\/\/bodrumgarantiteknik.com.tr\/wp-content\/uploads\/2024\/05\/Bodrum-Kasap-ve-Sarkuteri-Dolabi-Tamir-Servisi.jpg","width":762,"height":506,"caption":"Bodrum Kasap ve \u015eark\u00fcteri Dolab\u0131 Tamir Servisi"},{"@type":"BreadcrumbList","@id":"https:\/\/bodrumgarantiteknik.com.tr\/index.php\/bodrum-endustriyel-isitma-ve-sogutma-servisi-0252-502-00-48\/bodrum-kasap-dolabi-tamir-servisi-0252-502-00-48\/#breadcrumb","itemListElement":[{"@type":"ListItem","position":1,"name":"Anasayfa","item":"https:\/\/bodrumgarantiteknik.com.tr\/"},{"@type":"ListItem","position":2,"name":"Bodrum End\u00fcstriyel Is\u0131tma ve So\u011futma Servisi 0252 502 00 48","item":"https:\/\/bodrumgarantiteknik.com.tr\/index.php\/bodrum-endustriyel-isitma-ve-sogutma-servisi-0252-502-00-48\/"},{"@type":"ListItem","position":3,"name":"Bodrum Kasap Dolab\u0131 Tamir Servisi 0252 502 00 48"}]},{"@type":"WebSite","@id":"https:\/\/bodrumgarantiteknik.com.tr\/#website","url":"https:\/\/bodrumgarantiteknik.com.tr\/","name":"Bodrum Garanti Teknik 0252 502 00 48","description":"Beyaz E\u015fya ve Klima Servisi","potentialAction":[{"@type":"SearchAction","target":{"@type":"EntryPoint","urlTemplate":"https:\/\/bodrumgarantiteknik.com.tr\/?s={search_term_string}"},"query-input":{"@type":"PropertyValueSpecification","valueRequired":true,"valueName":"search_term_string"}}],"inLanguage":"tr"}]}},"_links":{"self":[{"href":"https:\/\/bodrumgarantiteknik.com.tr\/index.php\/wp-json\/wp\/v2\/pages\/956","targetHints":{"allow":["GET"]}}],"collection":[{"href":"https:\/\/bodrumgarantiteknik.com.tr\/index.php\/wp-json\/wp\/v2\/pages"}],"about":[{"href":"https:\/\/bodrumgarantiteknik.com.tr\/index.php\/wp-json\/wp\/v2\/types\/page"}],"author":[{"embeddable":true,"href":"https:\/\/bodrumgarantiteknik.com.tr\/index.php\/wp-json\/wp\/v2\/users\/1"}],"replies":[{"embeddable":true,"href":"https:\/\/bodrumgarantiteknik.com.tr\/index.php\/wp-json\/wp\/v2\/comments?post=956"}],"version-history":[{"count":1,"href":"https:\/\/bodrumgarantiteknik.com.tr\/index.php\/wp-json\/wp\/v2\/pages\/956\/revisions"}],"predecessor-version":[{"id":960,"href":"https:\/\/bodrumgarantiteknik.com.tr\/index.php\/wp-json\/wp\/v2\/pages\/956\/revisions\/960"}],"up":[{"embeddable":true,"href":"https:\/\/bodrumgarantiteknik.com.tr\/index.php\/wp-json\/wp\/v2\/pages\/883"}],"wp:attachment":[{"href":"https:\/\/bodrumgarantiteknik.com.tr\/index.php\/wp-json\/wp\/v2\/media?parent=956"}],"curies":[{"name":"wp","href":"https:\/\/api.w.org\/{rel}","templated":true}]}}